{"id":11066,"date":"2026-01-13T12:18:01","date_gmt":"2026-01-13T12:18:01","guid":{"rendered":"https:\/\/www.ultrax.ai\/?page_id=11066"},"modified":"2026-01-13T12:19:08","modified_gmt":"2026-01-13T12:19:08","slug":"jacanje-akceleracijske-aktivnosti-tvrtke-ultrax","status":"publish","type":"page","link":"https:\/\/www.ultrax.ai\/de\/jacanje-akceleracijske-aktivnosti-tvrtke-ultrax\/","title":{"rendered":"Ja\u010danje akceleracijske aktivnosti tvrtke ULTRAX"},"content":{"rendered":"<figure class=\"wp-block-image size-large\"><img fetchpriority=\"high\" decoding=\"async\" width=\"1024\" height=\"246\" src=\"https:\/\/www.ultrax.ai\/wp-content\/uploads\/2026\/01\/image-1-1024x246.png\" alt=\"\" class=\"wp-image-11071\" srcset=\"https:\/\/www.ultrax.ai\/wp-content\/uploads\/2026\/01\/image-1-1024x246.png 1024w, https:\/\/www.ultrax.ai\/wp-content\/uploads\/2026\/01\/image-1-300x72.png 300w, https:\/\/www.ultrax.ai\/wp-content\/uploads\/2026\/01\/image-1-768x185.png 768w, https:\/\/www.ultrax.ai\/wp-content\/uploads\/2026\/01\/image-1-18x4.png 18w, https:\/\/www.ultrax.ai\/wp-content\/uploads\/2026\/01\/image-1.png 1386w\" sizes=\"(max-width: 1024px) 100vw, 1024px\" \/><\/figure>\n\n\n\n<p><strong>Projekt je sufinancirala Europska unija iz Mehanizma za oporavak i otpornost <\/strong><\/p>\n\n\n\n<p><strong>Naziv projekta<\/strong> \u2013 Ja\u010danje akceleracijske aktivnosti tvrtke Ultrax<\/p>\n\n\n\n<p><strong>Kratki opis projekta<\/strong> &#8211; Dana 14.08.2025., poduze\u0107e ULTRAX TECHNOLOGIES d.o.o. potpisalo je s Hrvatskom agencijom za malo gospodarstvo, inovacije i investicije HAMAG-BICRO Ugovor o dodjeli bespovratnih sredstava u svrhu provedbe projekta pod nazivom \u201eJa\u010danje akceleracijske aktivnosti tvrtke Ultrax\u201c. Provedba projekta sufinancirana je iz Nacionalnog plana oporavka i otpornosti 2021. \u2013 2026. <\/p>\n\n\n\n<p>Projekt se odnosi na ja\u010danje akceleracijske aktivnosti tvrtke i to kroz provedbu procjene stanja za\u0161tite privatnosti i implementaciju Data Privacy Managera, izradu komunikacijske strategije te provedeno istra\u017eivanje tr\u017ei\u0161ta SAD-a. Ciljevi tvrtke su komercijalizacija i internacionalizacija inovativnih proizvoda iz palete ULTRAX DIAGNOSTIC, ulazak na tr\u017ei\u0161te SADa, rast prihoda od prodaje i izvoza te pove\u0107aje konkurentnosti dru\u0161tva.<\/p>\n\n\n\n<p>Ciljani primarni korisnici su napredni sporta\u0161i s vlastitom spravom i treneri koji baziraju treninge na individulanom pristupu (jedan sporta\u0161j) ili u malim grupama (do 3 sporta\u0161a).<\/p>\n\n\n\n<p><strong>O\u010dekivani rezultati projekta<\/strong> su:<\/p>\n\n\n\n<ol class=\"wp-block-list\">\n<li>Br\u017ei i kvalitetniji rast poduze\u0107a, olak\u0161an pristup investicijama i relevantnim tr\u017ei\u0161tima, uklju\u010divanje u lance vrijednosti \u0161to \u0107e osigurati vjerojatnije trogodi\u0161nje pre\u017eivljavanje.<\/li>\n\n\n\n<li>Rast prihoda od prodaje, uvo\u0111enje prihoda od izvoza, zadr\u017eavanjej postoje\u0107ih radnih mjesta i potencijalno otvaranje novih radnih mjesta u sljede\u0107e 2-3 godine<\/li>\n<\/ol>\n\n\n\n<p><strong>Korisnik:<\/strong> ULTRAX TECHNOLOGIES d.o.o., Ma\u010de<\/p>\n\n\n\n<p><strong>Referentni broj projekta<\/strong>: NPOO.C1.1.2.R2-I4.01.0119<\/p>\n\n\n\n<p><strong>Ukupna vrijednost projekta<\/strong>: 31.247,50 \u20ac<\/p>\n\n\n\n<p><strong>Prihvatljivi tro\u0161kovi projekta<\/strong>:  24.998,00 \u20ac<\/p>\n\n\n\n<p><strong>Iznos odobrene EU potpore<\/strong>: 24.998,00 \u20ac<\/p>\n\n\n\n<p><strong>Razdoblje provedbe projekta:<\/strong>  01.04.2025. &#8211;  01.01.2026.<\/p>\n\n\n\n<p><strong>Kontakt osoba za vi\u0161e informacija<\/strong> \u2013 Marko Sukre\u0161ki, <a href=\"mailto:marko.sukreski@ultrax.ai\">marko.sukreski@ultrax.ai<\/a><\/p>\n\n\n\n<p>Sadr\u017eaj ove publikacije isklju\u010diva je odgovornost poduze\u0107a  ULTRAX TECHNOLOGIES d.o.o.<\/p>","protected":false},"excerpt":{"rendered":"<p>Projekt je sufinancirala Europska unija iz Mehanizma za oporavak i otpornost Naziv projekta \u2013 Ja\u010danje akceleracijske aktivnosti tvrtke Ultrax Kratki opis projekta &#8211; Dana 14.08.2025., poduze\u0107e ULTRAX TECHNOLOGIES d.o.o. potpisalo je s Hrvatskom agencijom za malo gospodarstvo, inovacije i investicije HAMAG-BICRO Ugovor o dodjeli bespovratnih sredstava u svrhu provedbe projekta pod nazivom \u201eJa\u010danje akceleracijske aktivnosti [&hellip;]<\/p>","protected":false},"author":5,"featured_media":0,"parent":0,"menu_order":0,"comment_status":"closed","ping_status":"closed","template":"","meta":{"_acf_changed":false,"inline_featured_image":false,"footnotes":""},"class_list":["post-11066","page","type-page","status-publish","hentry"],"yoast_head":"<!-- This site is optimized with the Yoast SEO plugin v26.6 - https:\/\/yoast.com\/wordpress\/plugins\/seo\/ -->\n<title>Ja\u010danje akceleracijske aktivnosti tvrtke ULTRAX | Ultrax AI<\/title>\n<meta name=\"robots\" content=\"index, follow, max-snippet:-1, max-image-preview:large, max-video-preview:-1\" \/>\n<link rel=\"canonical\" href=\"https:\/\/www.ultrax.ai\/de\/jacanje-akceleracijske-aktivnosti-tvrtke-ultrax\/\" \/>\n<meta property=\"og:locale\" content=\"de_DE\" \/>\n<meta property=\"og:type\" content=\"article\" \/>\n<meta property=\"og:title\" content=\"Ja\u010danje akceleracijske aktivnosti tvrtke ULTRAX | Ultrax AI\" \/>\n<meta property=\"og:description\" content=\"Projekt je sufinancirala Europska unija iz Mehanizma za oporavak i otpornost Naziv projekta \u2013 Ja\u010danje akceleracijske aktivnosti tvrtke Ultrax Kratki opis projekta &#8211; Dana 14.08.2025., poduze\u0107e ULTRAX TECHNOLOGIES d.o.o. potpisalo je s Hrvatskom agencijom za malo gospodarstvo, inovacije i investicije HAMAG-BICRO Ugovor o dodjeli bespovratnih sredstava u svrhu provedbe projekta pod nazivom \u201eJa\u010danje akceleracijske aktivnosti [&hellip;]\" \/>\n<meta property=\"og:url\" content=\"https:\/\/www.ultrax.ai\/de\/jacanje-akceleracijske-aktivnosti-tvrtke-ultrax\/\" \/>\n<meta property=\"og:site_name\" content=\"Ultrax AI\" \/>\n<meta property=\"article:publisher\" content=\"https:\/\/www.facebook.com\/profile.php?id=100089183396893\" \/>\n<meta property=\"article:modified_time\" content=\"2026-01-13T12:19:08+00:00\" \/>\n<meta property=\"og:image\" content=\"https:\/\/www.ultrax.ai\/wp-content\/uploads\/2026\/01\/image-1.png\" \/>\n\t<meta property=\"og:image:width\" content=\"1386\" \/>\n\t<meta property=\"og:image:height\" content=\"333\" \/>\n\t<meta property=\"og:image:type\" content=\"image\/png\" \/>\n<meta name=\"twitter:card\" content=\"summary_large_image\" \/>\n<meta name=\"twitter:label1\" content=\"Gesch\u00e4tzte Lesezeit\" \/>\n\t<meta name=\"twitter:data1\" content=\"2\u00a0Minuten\" \/>\n<script type=\"application\/ld+json\" class=\"yoast-schema-graph\">{\"@context\":\"https:\/\/schema.org\",\"@graph\":[{\"@type\":\"WebPage\",\"@id\":\"https:\/\/www.ultrax.ai\/jacanje-akceleracijske-aktivnosti-tvrtke-ultrax\/\",\"url\":\"https:\/\/www.ultrax.ai\/jacanje-akceleracijske-aktivnosti-tvrtke-ultrax\/\",\"name\":\"Ja\u010danje akceleracijske aktivnosti tvrtke ULTRAX | Ultrax AI\",\"isPartOf\":{\"@id\":\"https:\/\/www.ultrax.ai\/#website\"},\"primaryImageOfPage\":{\"@id\":\"https:\/\/www.ultrax.ai\/jacanje-akceleracijske-aktivnosti-tvrtke-ultrax\/#primaryimage\"},\"image\":{\"@id\":\"https:\/\/www.ultrax.ai\/jacanje-akceleracijske-aktivnosti-tvrtke-ultrax\/#primaryimage\"},\"thumbnailUrl\":\"https:\/\/www.ultrax.ai\/wp-content\/uploads\/2026\/01\/image-1-1024x246.png\",\"datePublished\":\"2026-01-13T12:18:01+00:00\",\"dateModified\":\"2026-01-13T12:19:08+00:00\",\"breadcrumb\":{\"@id\":\"https:\/\/www.ultrax.ai\/jacanje-akceleracijske-aktivnosti-tvrtke-ultrax\/#breadcrumb\"},\"inLanguage\":\"de\",\"potentialAction\":[{\"@type\":\"ReadAction\",\"target\":[\"https:\/\/www.ultrax.ai\/jacanje-akceleracijske-aktivnosti-tvrtke-ultrax\/\"]}]},{\"@type\":\"ImageObject\",\"inLanguage\":\"de\",\"@id\":\"https:\/\/www.ultrax.ai\/jacanje-akceleracijske-aktivnosti-tvrtke-ultrax\/#primaryimage\",\"url\":\"https:\/\/www.ultrax.ai\/wp-content\/uploads\/2026\/01\/image-1-1024x246.png\",\"contentUrl\":\"https:\/\/www.ultrax.ai\/wp-content\/uploads\/2026\/01\/image-1-1024x246.png\"},{\"@type\":\"BreadcrumbList\",\"@id\":\"https:\/\/www.ultrax.ai\/jacanje-akceleracijske-aktivnosti-tvrtke-ultrax\/#breadcrumb\",\"itemListElement\":[{\"@type\":\"ListItem\",\"position\":1,\"name\":\"Home\",\"item\":\"https:\/\/www.ultrax.ai\/\"},{\"@type\":\"ListItem\",\"position\":2,\"name\":\"Ja\u010danje akceleracijske aktivnosti tvrtke ULTRAX\"}]},{\"@type\":\"WebSite\",\"@id\":\"https:\/\/www.ultrax.ai\/#website\",\"url\":\"https:\/\/www.ultrax.ai\/\",\"name\":\"Ultrax\",\"description\":\"\",\"publisher\":{\"@id\":\"https:\/\/www.ultrax.ai\/#organization\"},\"potentialAction\":[{\"@type\":\"SearchAction\",\"target\":{\"@type\":\"EntryPoint\",\"urlTemplate\":\"https:\/\/www.ultrax.ai\/?s={search_term_string}\"},\"query-input\":{\"@type\":\"PropertyValueSpecification\",\"valueRequired\":true,\"valueName\":\"search_term_string\"}}],\"inLanguage\":\"de\"},{\"@type\":\"Organization\",\"@id\":\"https:\/\/www.ultrax.ai\/#organization\",\"name\":\"Ultrax Technologies\",\"url\":\"https:\/\/www.ultrax.ai\/\",\"logo\":{\"@type\":\"ImageObject\",\"inLanguage\":\"de\",\"@id\":\"https:\/\/www.ultrax.ai\/#\/schema\/logo\/image\/\",\"url\":\"https:\/\/www.ultrax.ai\/wp-content\/uploads\/2024\/03\/Logo.svg\",\"contentUrl\":\"https:\/\/www.ultrax.ai\/wp-content\/uploads\/2024\/03\/Logo.svg\",\"width\":230,\"height\":39,\"caption\":\"Ultrax Technologies\"},\"image\":{\"@id\":\"https:\/\/www.ultrax.ai\/#\/schema\/logo\/image\/\"},\"sameAs\":[\"https:\/\/www.facebook.com\/profile.php?id=100089183396893\",\"https:\/\/www.instagram.com\/ultrax.ai\/\"]}]}<\/script>\n<!-- \/ Yoast SEO plugin. -->","yoast_head_json":{"title":"Ja\u010danje akceleracijske aktivnosti tvrtke ULTRAX | Ultrax AI","robots":{"index":"index","follow":"follow","max-snippet":"max-snippet:-1","max-image-preview":"max-image-preview:large","max-video-preview":"max-video-preview:-1"},"canonical":"https:\/\/www.ultrax.ai\/de\/jacanje-akceleracijske-aktivnosti-tvrtke-ultrax\/","og_locale":"de_DE","og_type":"article","og_title":"Ja\u010danje akceleracijske aktivnosti tvrtke ULTRAX | Ultrax AI","og_description":"Projekt je sufinancirala Europska unija iz Mehanizma za oporavak i otpornost Naziv projekta \u2013 Ja\u010danje akceleracijske aktivnosti tvrtke Ultrax Kratki opis projekta &#8211; Dana 14.08.2025., poduze\u0107e ULTRAX TECHNOLOGIES d.o.o. potpisalo je s Hrvatskom agencijom za malo gospodarstvo, inovacije i investicije HAMAG-BICRO Ugovor o dodjeli bespovratnih sredstava u svrhu provedbe projekta pod nazivom \u201eJa\u010danje akceleracijske aktivnosti [&hellip;]","og_url":"https:\/\/www.ultrax.ai\/de\/jacanje-akceleracijske-aktivnosti-tvrtke-ultrax\/","og_site_name":"Ultrax AI","article_publisher":"https:\/\/www.facebook.com\/profile.php?id=100089183396893","article_modified_time":"2026-01-13T12:19:08+00:00","og_image":[{"width":1386,"height":333,"url":"https:\/\/www.ultrax.ai\/wp-content\/uploads\/2026\/01\/image-1.png","type":"image\/png"}],"twitter_card":"summary_large_image","twitter_misc":{"Gesch\u00e4tzte Lesezeit":"2\u00a0Minuten"},"schema":{"@context":"https:\/\/schema.org","@graph":[{"@type":"WebPage","@id":"https:\/\/www.ultrax.ai\/jacanje-akceleracijske-aktivnosti-tvrtke-ultrax\/","url":"https:\/\/www.ultrax.ai\/jacanje-akceleracijske-aktivnosti-tvrtke-ultrax\/","name":"Ja\u010danje akceleracijske aktivnosti tvrtke ULTRAX | Ultrax AI","isPartOf":{"@id":"https:\/\/www.ultrax.ai\/#website"},"primaryImageOfPage":{"@id":"https:\/\/www.ultrax.ai\/jacanje-akceleracijske-aktivnosti-tvrtke-ultrax\/#primaryimage"},"image":{"@id":"https:\/\/www.ultrax.ai\/jacanje-akceleracijske-aktivnosti-tvrtke-ultrax\/#primaryimage"},"thumbnailUrl":"https:\/\/www.ultrax.ai\/wp-content\/uploads\/2026\/01\/image-1-1024x246.png","datePublished":"2026-01-13T12:18:01+00:00","dateModified":"2026-01-13T12:19:08+00:00","breadcrumb":{"@id":"https:\/\/www.ultrax.ai\/jacanje-akceleracijske-aktivnosti-tvrtke-ultrax\/#breadcrumb"},"inLanguage":"de","potentialAction":[{"@type":"ReadAction","target":["https:\/\/www.ultrax.ai\/jacanje-akceleracijske-aktivnosti-tvrtke-ultrax\/"]}]},{"@type":"ImageObject","inLanguage":"de","@id":"https:\/\/www.ultrax.ai\/jacanje-akceleracijske-aktivnosti-tvrtke-ultrax\/#primaryimage","url":"https:\/\/www.ultrax.ai\/wp-content\/uploads\/2026\/01\/image-1-1024x246.png","contentUrl":"https:\/\/www.ultrax.ai\/wp-content\/uploads\/2026\/01\/image-1-1024x246.png"},{"@type":"BreadcrumbList","@id":"https:\/\/www.ultrax.ai\/jacanje-akceleracijske-aktivnosti-tvrtke-ultrax\/#breadcrumb","itemListElement":[{"@type":"ListItem","position":1,"name":"Home","item":"https:\/\/www.ultrax.ai\/"},{"@type":"ListItem","position":2,"name":"Ja\u010danje akceleracijske aktivnosti tvrtke ULTRAX"}]},{"@type":"WebSite","@id":"https:\/\/www.ultrax.ai\/#website","url":"https:\/\/www.ultrax.ai\/","name":"Ultrax","description":"","publisher":{"@id":"https:\/\/www.ultrax.ai\/#organization"},"potentialAction":[{"@type":"SearchAction","target":{"@type":"EntryPoint","urlTemplate":"https:\/\/www.ultrax.ai\/?s={search_term_string}"},"query-input":{"@type":"PropertyValueSpecification","valueRequired":true,"valueName":"search_term_string"}}],"inLanguage":"de"},{"@type":"Organization","@id":"https:\/\/www.ultrax.ai\/#organization","name":"Ultrax Technologies","url":"https:\/\/www.ultrax.ai\/","logo":{"@type":"ImageObject","inLanguage":"de","@id":"https:\/\/www.ultrax.ai\/#\/schema\/logo\/image\/","url":"https:\/\/www.ultrax.ai\/wp-content\/uploads\/2024\/03\/Logo.svg","contentUrl":"https:\/\/www.ultrax.ai\/wp-content\/uploads\/2024\/03\/Logo.svg","width":230,"height":39,"caption":"Ultrax Technologies"},"image":{"@id":"https:\/\/www.ultrax.ai\/#\/schema\/logo\/image\/"},"sameAs":["https:\/\/www.facebook.com\/profile.php?id=100089183396893","https:\/\/www.instagram.com\/ultrax.ai\/"]}]}},"acf":[],"_links":{"self":[{"href":"https:\/\/www.ultrax.ai\/de\/wp-json\/wp\/v2\/pages\/11066","targetHints":{"allow":["GET"]}}],"collection":[{"href":"https:\/\/www.ultrax.ai\/de\/wp-json\/wp\/v2\/pages"}],"about":[{"href":"https:\/\/www.ultrax.ai\/de\/wp-json\/wp\/v2\/types\/page"}],"author":[{"embeddable":true,"href":"https:\/\/www.ultrax.ai\/de\/wp-json\/wp\/v2\/users\/5"}],"replies":[{"embeddable":true,"href":"https:\/\/www.ultrax.ai\/de\/wp-json\/wp\/v2\/comments?post=11066"}],"version-history":[{"count":0,"href":"https:\/\/www.ultrax.ai\/de\/wp-json\/wp\/v2\/pages\/11066\/revisions"}],"wp:attachment":[{"href":"https:\/\/www.ultrax.ai\/de\/wp-json\/wp\/v2\/media?parent=11066"}],"curies":[{"name":"wp","href":"https:\/\/api.w.org\/{rel}","templated":true}]}}