{"id":11074,"date":"2026-01-19T12:48:28","date_gmt":"2026-01-19T12:48:28","guid":{"rendered":"https:\/\/www.ultrax.ai\/?page_id=11074"},"modified":"2026-03-24T13:33:12","modified_gmt":"2026-03-24T13:33:12","slug":"certifikacija-proizvoda-ultraxfv","status":"publish","type":"page","link":"https:\/\/www.ultrax.ai\/de\/certifikacija-proizvoda-ultraxfv\/","title":{"rendered":"Certifikacija proizvoda UltraxFV"},"content":{"rendered":"<figure class=\"wp-block-image size-large\"><img fetchpriority=\"high\" decoding=\"async\" width=\"1024\" height=\"257\" src=\"https:\/\/www.ultrax.ai\/wp-content\/uploads\/2026\/01\/image-4-1024x257.png\" alt=\"\" class=\"wp-image-11082\" srcset=\"https:\/\/www.ultrax.ai\/wp-content\/uploads\/2026\/01\/image-4-1024x257.png 1024w, https:\/\/www.ultrax.ai\/wp-content\/uploads\/2026\/01\/image-4-300x75.png 300w, https:\/\/www.ultrax.ai\/wp-content\/uploads\/2026\/01\/image-4-768x193.png 768w, https:\/\/www.ultrax.ai\/wp-content\/uploads\/2026\/01\/image-4-18x5.png 18w, https:\/\/www.ultrax.ai\/wp-content\/uploads\/2026\/01\/image-4.png 1385w\" sizes=\"(max-width: 1024px) 100vw, 1024px\" \/><\/figure>\n\n\n\n<p><strong>Projekt je sufinancirala Europska unija u okviru Integriranog teritorijalnog programa za razdoblje 2021. \u2013 2027. <\/strong><\/p>\n\n\n\n<p><strong>Naziv projekta<\/strong> \u2013 Certifikacija proizvoda UltraxFV <\/p>\n\n\n\n<p><strong>Kratki opis projekta<\/strong> &#8211; Dana 18.07.2025., poduze\u0107e ULTRAX TECHNOLOGIES d.o.o. potpisalo je s Ministarstvom gospodarstva Ugovor o dodjeli bespovratnih sredstava u svrhu provedbe projekta pod nazivom \u201eCertifikacija proizvoda UltraxFV\u201c. Provedba projekta sufinancirana je iz Programa Konkurentnosti i kohezije 2021. \u2013 2027. <\/p>\n\n\n\n<p>Cilj projekta je priprema propisane tehni\u010dke dokumentacije, potom CE i EMC ispitivanje, te isho\u0111enje pozitivnih ispitnih izvje\u0161taja u cilju dobivanja izjava o sukladnosti\/certifikacije CE i EMC od strane akreditiranog tijela za razvijeni ure\u0111aj UltraxFV, u svrhu lak\u0161eg i br\u017eeg plasiranja istoga na EU tr\u017ei\u0161te.<\/p>\n\n\n\n<p>Ciljane skupine projekta su zaposlenici tvrtke, potencijalni klijenti (ustanove ili teretane koje imaju napredne korisnike kojima tvrtka mo\u017ee prodati plan vje\u017ebanja i virtualnog trenera), studenti kineziolo\u0161kog fakulteta, dobavlja\u010di i distributeri, te investitori kojima \u0107e se pove\u0107ati isplativnost inicijalnog ulagnja.<\/p>\n\n\n\n<p><strong>O\u010dekivani rezultati projekta<\/strong> su:<\/p>\n\n\n\n<ol class=\"wp-block-list\">\n<li>Ceftificiran proizvod UltraxFV <\/li>\n\n\n\n<li>Olak\u0161an pristup EU tr\u017ei\u0161tu i pove\u0107ana konkurentnost tvrtke kroz dostizanje primjenjive razine me\u0111unarodno priznatih normi i standarda kao i sustava upravljanja, kojima se dokazuje razina kvalitete i sigurnosti u razmjeni roba i usluga te pridonosi povjerenju kupaca<\/li>\n<\/ol>\n\n\n\n<p><strong>Korisnik:<\/strong> ULTRAX TECHNOLOGIES d.o.o. Ma\u010de <\/p>\n\n\n\n<p><strong>Referentni broj projekta<\/strong>: PK.1.3.04.0057<\/p>\n\n\n\n<p><strong>Ukupna vrijednost projekta<\/strong>: 65.905,00 \u20ac<\/p>\n\n\n\n<p><strong>Prihvatljivi tro\u0161kovi projekta<\/strong>: 55.105,00 \u20ac<\/p>\n\n\n\n<p><strong>Iznos odobrene EU potpore<\/strong>: 41.328,75 \u20ac<\/p>\n\n\n\n<p><strong>Razdoblje provedbe projekta:<\/strong>  30.06.2025. &#8211;  30.12.2026.<\/p>\n\n\n\n<p><strong>Kontakt osoba za vi\u0161e informacija<\/strong> \u2013 Marko Sukre\u0161ki, <a href=\"mailto:marko.sukreski@ultrax.ai\">marko.sukreski@ultrax.ai<\/a><\/p>\n\n\n\n<p>Sadr\u017eaj ove publikacije isklju\u010diva je odgovornost poduze\u0107a ULTRAX TECHNOLOGIES d.o.o.  <\/p>\n\n\n\n<p><\/p>\n\n\n\n<figure class=\"wp-block-image size-large\"><img decoding=\"async\" width=\"1024\" height=\"171\" src=\"https:\/\/www.ultrax.ai\/wp-content\/uploads\/2026\/01\/image-3-1024x171.png\" alt=\"\" class=\"wp-image-11076\" srcset=\"https:\/\/www.ultrax.ai\/wp-content\/uploads\/2026\/01\/image-3-1024x171.png 1024w, https:\/\/www.ultrax.ai\/wp-content\/uploads\/2026\/01\/image-3-300x50.png 300w, https:\/\/www.ultrax.ai\/wp-content\/uploads\/2026\/01\/image-3-768x128.png 768w, https:\/\/www.ultrax.ai\/wp-content\/uploads\/2026\/01\/image-3-1536x256.png 1536w, https:\/\/www.ultrax.ai\/wp-content\/uploads\/2026\/01\/image-3-2048x342.png 2048w, https:\/\/www.ultrax.ai\/wp-content\/uploads\/2026\/01\/image-3-18x3.png 18w\" sizes=\"(max-width: 1024px) 100vw, 1024px\" \/><\/figure>","protected":false},"excerpt":{"rendered":"<p>Projekt je sufinancirala Europska unija u okviru Integriranog teritorijalnog programa za razdoblje 2021. \u2013 2027. Naziv projekta \u2013 Certifikacija proizvoda UltraxFV Kratki opis projekta &#8211; Dana 18.07.2025., poduze\u0107e ULTRAX TECHNOLOGIES d.o.o. potpisalo je s Ministarstvom gospodarstva Ugovor o dodjeli bespovratnih sredstava u svrhu provedbe projekta pod nazivom \u201eCertifikacija proizvoda UltraxFV\u201c. Provedba projekta sufinancirana je iz [&hellip;]<\/p>","protected":false},"author":5,"featured_media":0,"parent":0,"menu_order":0,"comment_status":"closed","ping_status":"closed","template":"","meta":{"_acf_changed":false,"inline_featured_image":false,"footnotes":""},"class_list":["post-11074","page","type-page","status-publish","hentry"],"yoast_head":"<!-- This site is optimized with the Yoast SEO plugin v26.6 - https:\/\/yoast.com\/wordpress\/plugins\/seo\/ -->\n<title>Certifikacija proizvoda UltraxFV | Ultrax AI<\/title>\n<meta name=\"robots\" content=\"index, follow, max-snippet:-1, max-image-preview:large, max-video-preview:-1\" \/>\n<link rel=\"canonical\" href=\"https:\/\/www.ultrax.ai\/de\/certifikacija-proizvoda-ultraxfv\/\" \/>\n<meta property=\"og:locale\" content=\"de_DE\" \/>\n<meta property=\"og:type\" content=\"article\" \/>\n<meta property=\"og:title\" content=\"Certifikacija proizvoda UltraxFV | Ultrax AI\" \/>\n<meta property=\"og:description\" content=\"Projekt je sufinancirala Europska unija u okviru Integriranog teritorijalnog programa za razdoblje 2021. \u2013 2027. Naziv projekta \u2013 Certifikacija proizvoda UltraxFV Kratki opis projekta &#8211; Dana 18.07.2025., poduze\u0107e ULTRAX TECHNOLOGIES d.o.o. potpisalo je s Ministarstvom gospodarstva Ugovor o dodjeli bespovratnih sredstava u svrhu provedbe projekta pod nazivom \u201eCertifikacija proizvoda UltraxFV\u201c. Provedba projekta sufinancirana je iz [&hellip;]\" \/>\n<meta property=\"og:url\" content=\"https:\/\/www.ultrax.ai\/de\/certifikacija-proizvoda-ultraxfv\/\" \/>\n<meta property=\"og:site_name\" content=\"Ultrax AI\" \/>\n<meta property=\"article:publisher\" content=\"https:\/\/www.facebook.com\/profile.php?id=100089183396893\" \/>\n<meta property=\"article:modified_time\" content=\"2026-03-24T13:33:12+00:00\" \/>\n<meta property=\"og:image\" content=\"https:\/\/www.ultrax.ai\/wp-content\/uploads\/2026\/01\/image-4.png\" \/>\n\t<meta property=\"og:image:width\" content=\"1385\" \/>\n\t<meta property=\"og:image:height\" content=\"348\" \/>\n\t<meta property=\"og:image:type\" content=\"image\/png\" \/>\n<meta name=\"twitter:card\" content=\"summary_large_image\" \/>\n<meta name=\"twitter:label1\" content=\"Gesch\u00e4tzte Lesezeit\" \/>\n\t<meta name=\"twitter:data1\" content=\"2\u00a0Minuten\" \/>\n<script type=\"application\/ld+json\" class=\"yoast-schema-graph\">{\"@context\":\"https:\/\/schema.org\",\"@graph\":[{\"@type\":\"WebPage\",\"@id\":\"https:\/\/www.ultrax.ai\/certifikacija-proizvoda-ultraxfv\/\",\"url\":\"https:\/\/www.ultrax.ai\/certifikacija-proizvoda-ultraxfv\/\",\"name\":\"Certifikacija proizvoda UltraxFV | Ultrax AI\",\"isPartOf\":{\"@id\":\"https:\/\/www.ultrax.ai\/#website\"},\"primaryImageOfPage\":{\"@id\":\"https:\/\/www.ultrax.ai\/certifikacija-proizvoda-ultraxfv\/#primaryimage\"},\"image\":{\"@id\":\"https:\/\/www.ultrax.ai\/certifikacija-proizvoda-ultraxfv\/#primaryimage\"},\"thumbnailUrl\":\"https:\/\/www.ultrax.ai\/wp-content\/uploads\/2026\/01\/image-4-1024x257.png\",\"datePublished\":\"2026-01-19T12:48:28+00:00\",\"dateModified\":\"2026-03-24T13:33:12+00:00\",\"breadcrumb\":{\"@id\":\"https:\/\/www.ultrax.ai\/certifikacija-proizvoda-ultraxfv\/#breadcrumb\"},\"inLanguage\":\"de\",\"potentialAction\":[{\"@type\":\"ReadAction\",\"target\":[\"https:\/\/www.ultrax.ai\/certifikacija-proizvoda-ultraxfv\/\"]}]},{\"@type\":\"ImageObject\",\"inLanguage\":\"de\",\"@id\":\"https:\/\/www.ultrax.ai\/certifikacija-proizvoda-ultraxfv\/#primaryimage\",\"url\":\"https:\/\/www.ultrax.ai\/wp-content\/uploads\/2026\/01\/image-4-1024x257.png\",\"contentUrl\":\"https:\/\/www.ultrax.ai\/wp-content\/uploads\/2026\/01\/image-4-1024x257.png\"},{\"@type\":\"BreadcrumbList\",\"@id\":\"https:\/\/www.ultrax.ai\/certifikacija-proizvoda-ultraxfv\/#breadcrumb\",\"itemListElement\":[{\"@type\":\"ListItem\",\"position\":1,\"name\":\"Home\",\"item\":\"https:\/\/www.ultrax.ai\/\"},{\"@type\":\"ListItem\",\"position\":2,\"name\":\"Certifikacija proizvoda UltraxFV\"}]},{\"@type\":\"WebSite\",\"@id\":\"https:\/\/www.ultrax.ai\/#website\",\"url\":\"https:\/\/www.ultrax.ai\/\",\"name\":\"Ultrax\",\"description\":\"\",\"publisher\":{\"@id\":\"https:\/\/www.ultrax.ai\/#organization\"},\"potentialAction\":[{\"@type\":\"SearchAction\",\"target\":{\"@type\":\"EntryPoint\",\"urlTemplate\":\"https:\/\/www.ultrax.ai\/?s={search_term_string}\"},\"query-input\":{\"@type\":\"PropertyValueSpecification\",\"valueRequired\":true,\"valueName\":\"search_term_string\"}}],\"inLanguage\":\"de\"},{\"@type\":\"Organization\",\"@id\":\"https:\/\/www.ultrax.ai\/#organization\",\"name\":\"Ultrax Technologies\",\"url\":\"https:\/\/www.ultrax.ai\/\",\"logo\":{\"@type\":\"ImageObject\",\"inLanguage\":\"de\",\"@id\":\"https:\/\/www.ultrax.ai\/#\/schema\/logo\/image\/\",\"url\":\"https:\/\/www.ultrax.ai\/wp-content\/uploads\/2024\/03\/Logo.svg\",\"contentUrl\":\"https:\/\/www.ultrax.ai\/wp-content\/uploads\/2024\/03\/Logo.svg\",\"width\":230,\"height\":39,\"caption\":\"Ultrax Technologies\"},\"image\":{\"@id\":\"https:\/\/www.ultrax.ai\/#\/schema\/logo\/image\/\"},\"sameAs\":[\"https:\/\/www.facebook.com\/profile.php?id=100089183396893\",\"https:\/\/www.instagram.com\/ultrax.ai\/\"]}]}<\/script>\n<!-- \/ Yoast SEO plugin. -->","yoast_head_json":{"title":"Certifikacija proizvoda UltraxFV | Ultrax AI","robots":{"index":"index","follow":"follow","max-snippet":"max-snippet:-1","max-image-preview":"max-image-preview:large","max-video-preview":"max-video-preview:-1"},"canonical":"https:\/\/www.ultrax.ai\/de\/certifikacija-proizvoda-ultraxfv\/","og_locale":"de_DE","og_type":"article","og_title":"Certifikacija proizvoda UltraxFV | Ultrax AI","og_description":"Projekt je sufinancirala Europska unija u okviru Integriranog teritorijalnog programa za razdoblje 2021. \u2013 2027. Naziv projekta \u2013 Certifikacija proizvoda UltraxFV Kratki opis projekta &#8211; Dana 18.07.2025., poduze\u0107e ULTRAX TECHNOLOGIES d.o.o. potpisalo je s Ministarstvom gospodarstva Ugovor o dodjeli bespovratnih sredstava u svrhu provedbe projekta pod nazivom \u201eCertifikacija proizvoda UltraxFV\u201c. Provedba projekta sufinancirana je iz [&hellip;]","og_url":"https:\/\/www.ultrax.ai\/de\/certifikacija-proizvoda-ultraxfv\/","og_site_name":"Ultrax AI","article_publisher":"https:\/\/www.facebook.com\/profile.php?id=100089183396893","article_modified_time":"2026-03-24T13:33:12+00:00","og_image":[{"width":1385,"height":348,"url":"https:\/\/www.ultrax.ai\/wp-content\/uploads\/2026\/01\/image-4.png","type":"image\/png"}],"twitter_card":"summary_large_image","twitter_misc":{"Gesch\u00e4tzte Lesezeit":"2\u00a0Minuten"},"schema":{"@context":"https:\/\/schema.org","@graph":[{"@type":"WebPage","@id":"https:\/\/www.ultrax.ai\/certifikacija-proizvoda-ultraxfv\/","url":"https:\/\/www.ultrax.ai\/certifikacija-proizvoda-ultraxfv\/","name":"Certifikacija proizvoda UltraxFV | Ultrax AI","isPartOf":{"@id":"https:\/\/www.ultrax.ai\/#website"},"primaryImageOfPage":{"@id":"https:\/\/www.ultrax.ai\/certifikacija-proizvoda-ultraxfv\/#primaryimage"},"image":{"@id":"https:\/\/www.ultrax.ai\/certifikacija-proizvoda-ultraxfv\/#primaryimage"},"thumbnailUrl":"https:\/\/www.ultrax.ai\/wp-content\/uploads\/2026\/01\/image-4-1024x257.png","datePublished":"2026-01-19T12:48:28+00:00","dateModified":"2026-03-24T13:33:12+00:00","breadcrumb":{"@id":"https:\/\/www.ultrax.ai\/certifikacija-proizvoda-ultraxfv\/#breadcrumb"},"inLanguage":"de","potentialAction":[{"@type":"ReadAction","target":["https:\/\/www.ultrax.ai\/certifikacija-proizvoda-ultraxfv\/"]}]},{"@type":"ImageObject","inLanguage":"de","@id":"https:\/\/www.ultrax.ai\/certifikacija-proizvoda-ultraxfv\/#primaryimage","url":"https:\/\/www.ultrax.ai\/wp-content\/uploads\/2026\/01\/image-4-1024x257.png","contentUrl":"https:\/\/www.ultrax.ai\/wp-content\/uploads\/2026\/01\/image-4-1024x257.png"},{"@type":"BreadcrumbList","@id":"https:\/\/www.ultrax.ai\/certifikacija-proizvoda-ultraxfv\/#breadcrumb","itemListElement":[{"@type":"ListItem","position":1,"name":"Home","item":"https:\/\/www.ultrax.ai\/"},{"@type":"ListItem","position":2,"name":"Certifikacija proizvoda UltraxFV"}]},{"@type":"WebSite","@id":"https:\/\/www.ultrax.ai\/#website","url":"https:\/\/www.ultrax.ai\/","name":"Ultrax","description":"","publisher":{"@id":"https:\/\/www.ultrax.ai\/#organization"},"potentialAction":[{"@type":"SearchAction","target":{"@type":"EntryPoint","urlTemplate":"https:\/\/www.ultrax.ai\/?s={search_term_string}"},"query-input":{"@type":"PropertyValueSpecification","valueRequired":true,"valueName":"search_term_string"}}],"inLanguage":"de"},{"@type":"Organization","@id":"https:\/\/www.ultrax.ai\/#organization","name":"Ultrax Technologies","url":"https:\/\/www.ultrax.ai\/","logo":{"@type":"ImageObject","inLanguage":"de","@id":"https:\/\/www.ultrax.ai\/#\/schema\/logo\/image\/","url":"https:\/\/www.ultrax.ai\/wp-content\/uploads\/2024\/03\/Logo.svg","contentUrl":"https:\/\/www.ultrax.ai\/wp-content\/uploads\/2024\/03\/Logo.svg","width":230,"height":39,"caption":"Ultrax Technologies"},"image":{"@id":"https:\/\/www.ultrax.ai\/#\/schema\/logo\/image\/"},"sameAs":["https:\/\/www.facebook.com\/profile.php?id=100089183396893","https:\/\/www.instagram.com\/ultrax.ai\/"]}]}},"acf":[],"_links":{"self":[{"href":"https:\/\/www.ultrax.ai\/de\/wp-json\/wp\/v2\/pages\/11074","targetHints":{"allow":["GET"]}}],"collection":[{"href":"https:\/\/www.ultrax.ai\/de\/wp-json\/wp\/v2\/pages"}],"about":[{"href":"https:\/\/www.ultrax.ai\/de\/wp-json\/wp\/v2\/types\/page"}],"author":[{"embeddable":true,"href":"https:\/\/www.ultrax.ai\/de\/wp-json\/wp\/v2\/users\/5"}],"replies":[{"embeddable":true,"href":"https:\/\/www.ultrax.ai\/de\/wp-json\/wp\/v2\/comments?post=11074"}],"version-history":[{"count":0,"href":"https:\/\/www.ultrax.ai\/de\/wp-json\/wp\/v2\/pages\/11074\/revisions"}],"wp:attachment":[{"href":"https:\/\/www.ultrax.ai\/de\/wp-json\/wp\/v2\/media?parent=11074"}],"curies":[{"name":"wp","href":"https:\/\/api.w.org\/{rel}","templated":true}]}}