{"id":6202,"date":"2024-10-29T08:44:20","date_gmt":"2024-10-29T08:44:20","guid":{"rendered":"https:\/\/www.ultrax.ai\/?page_id=6202"},"modified":"2024-10-29T08:44:21","modified_gmt":"2024-10-29T08:44:21","slug":"prenosivi-sustav-za-pouzdanu-i-preciznu-lokalizaciju-pokretnih-objekata-u-stvarnom-vremenu","status":"publish","type":"page","link":"https:\/\/www.ultrax.ai\/de\/prenosivi-sustav-za-pouzdanu-i-preciznu-lokalizaciju-pokretnih-objekata-u-stvarnom-vremenu\/","title":{"rendered":"Prenosivi sustav za pouzdanu i preciznu lokalizaciju pokretnih objekata u stvarnom vremenu"},"content":{"rendered":"<figure class=\"wp-block-image size-large\"><img fetchpriority=\"high\" decoding=\"async\" width=\"1024\" height=\"480\" src=\"https:\/\/www.ultrax.ai\/wp-content\/uploads\/2024\/10\/HR_Financira_Europska_unija-1-1024x480.png\" alt=\"\" class=\"wp-image-6203\" srcset=\"https:\/\/www.ultrax.ai\/wp-content\/uploads\/2024\/10\/HR_Financira_Europska_unija-1-1024x480.png 1024w, https:\/\/www.ultrax.ai\/wp-content\/uploads\/2024\/10\/HR_Financira_Europska_unija-1-300x141.png 300w, https:\/\/www.ultrax.ai\/wp-content\/uploads\/2024\/10\/HR_Financira_Europska_unija-1-768x360.png 768w, https:\/\/www.ultrax.ai\/wp-content\/uploads\/2024\/10\/HR_Financira_Europska_unija-1-18x8.png 18w, https:\/\/www.ultrax.ai\/wp-content\/uploads\/2024\/10\/HR_Financira_Europska_unija-1.png 1170w\" sizes=\"(max-width: 1024px) 100vw, 1024px\" \/><\/figure>\n\n\n\n<p><strong>Projekt je sufinancirala Europska unija iz Mehanizma za oporavak i otpornost<\/strong><\/p>\n\n\n\n<p><strong>Naziv projekta<\/strong> \u2013 Prenosivi sustav za pouzdanu i preciznu lokalizaciju pokretnih objekata u stvarnom vremenu <\/p>\n\n\n\n<p><strong>Kratki opis projekta<\/strong> &#8211; Dana 17.05.2024., poduze\u0107e ULTRAX TECHNOLOGIES d.o.o. potpisalo je s Ministarstvom znanosti i obrazovanja Ugovor o dodjeli bespovratnih sredstava u svrhu provedbe projekta \u201ePrenosivi sustav za pouzdanu i preciznu lokalizaciju pokretnih objekata u stvarnom vremenu\u201c. Provedba projekta je financirana iz Nacionalnog plana oporavka i otpornosti 2021. \u2013 2026.  <\/p>\n\n\n\n<p>Cilj projekta je razvoj prenosivog sustava za pouzdanu lokalizaciju pokretnih objekata u stvarnom vremenu u situacijama kada je va\u017eno brzo i jednostavno postavljanje sustava, bez potrebe za dodatnom infrastrukturom i slo\u017eenom kalibracijom. Za razliku od sustava globalnog pozicioniranja (GNSS) mo\u017ee se koristiti u vanjskim i unutarnjim prostorima. Posebno je zanimljiv u situacijama kada se zahtijevaju fleksibilnost i brzina, poput hitnih intervencija (vatrogasci, policija, slu\u017ebe spa\u0161avanja i sl.). Omogu\u0107uje precizno i pouzdano pozicioniranje kori\u0161tenjem ultra\u0161irokopojasne (UWB) tehnologije.  <\/p>\n\n\n\n<p>Ciljani primarni korisnici sustava su hitne slu\u017ebe (npr. vatrogasci, policija, slu\u017ebe spa\u0161avanja itd.), a sekundarni integratori rje\u0161enja u raznim podru\u010djima (logistika, sportska dijagnostika, sigurnost itd.). <\/p>\n\n\n\n<p><strong>O\u010dekivani rezultati projekta<\/strong> <strong>su<\/strong>: <\/p>\n\n\n\n<ol class=\"wp-block-list\" start=\"1\">\n<li>Pove\u0107ani tr\u017ei\u0161ni i investicijski potencijal poduze\u0107a razvojem novih rje\u0161enja za pozicioniranje optimirano za brzu terensku instalaciju i visoku pouzdanost  <\/li>\n<\/ol>\n\n\n\n<ol class=\"wp-block-list\" start=\"2\">\n<li>Pove\u0107ani razvojno-istra\u017eiva\u010dki kapaciteti poduze\u0107a i spremnost na razvoj novih inovativnih rje\u0161enja za tr\u017ei\u0161te <\/li>\n<\/ol>\n\n\n\n<p><strong>Korisnik:<\/strong> ULTRAX TECHNOLOGIES d.o.o., Ma\u010de <\/p>\n\n\n\n<p><strong>Referentni broj projekta<\/strong>: NPOO.C3.2.R2-I1.04.0033 <\/p>\n\n\n\n<p><strong>Ukupna vrijednost projekta<\/strong>: 199.679,45 \u20ac <\/p>\n\n\n\n<p><strong>Prihvatljivi tro\u0161kovi projekta<\/strong>:  199.679,45 \u20ac <\/p>\n\n\n\n<p><strong>Iznos odobrene EU potpore<\/strong>: 199.679,45 \u20ac <\/p>\n\n\n\n<p><strong>Razdoblje provedbe projekta:<\/strong>  01.04.2024. &#8211;  01.04.2026. <\/p>\n\n\n\n<p><strong>Kontakt osoba za vi\u0161e informacija<\/strong> \u2013 Marko Sukre\u0161ki, <a href=\"mailto:marko.sukreski@ultrax.ai\" target=\"_blank\" rel=\"noreferrer noopener\">marko.sukreski@ultrax.ai<\/a> <\/p>\n\n\n\n<p>Sadr\u017eaj ove publikacije isklju\u010diva je odgovornost poduze\u0107a  ULTRAX TECHNOLOGIES d.o.o.<\/p>","protected":false},"excerpt":{"rendered":"<p>Projekt je sufinancirala Europska unija iz Mehanizma za oporavak i otpornost Naziv projekta \u2013 Prenosivi sustav za pouzdanu i preciznu lokalizaciju pokretnih objekata u stvarnom vremenu Kratki opis projekta &#8211; Dana 17.05.2024., poduze\u0107e ULTRAX TECHNOLOGIES d.o.o. potpisalo je s Ministarstvom znanosti i obrazovanja Ugovor o dodjeli bespovratnih sredstava u svrhu provedbe projekta \u201ePrenosivi sustav za [&hellip;]<\/p>","protected":false},"author":5,"featured_media":0,"parent":0,"menu_order":0,"comment_status":"closed","ping_status":"closed","template":"","meta":{"_acf_changed":false,"inline_featured_image":false,"footnotes":""},"class_list":["post-6202","page","type-page","status-publish","hentry"],"yoast_head":"<!-- This site is optimized with the Yoast SEO plugin v26.6 - https:\/\/yoast.com\/wordpress\/plugins\/seo\/ -->\n<title>Prenosivi sustav za pouzdanu i preciznu lokalizaciju pokretnih objekata u stvarnom vremenu | Ultrax AI<\/title>\n<meta name=\"robots\" content=\"index, follow, max-snippet:-1, max-image-preview:large, max-video-preview:-1\" \/>\n<link rel=\"canonical\" href=\"https:\/\/www.ultrax.ai\/de\/prenosivi-sustav-za-pouzdanu-i-preciznu-lokalizaciju-pokretnih-objekata-u-stvarnom-vremenu\/\" \/>\n<meta property=\"og:locale\" content=\"de_DE\" \/>\n<meta property=\"og:type\" content=\"article\" \/>\n<meta property=\"og:title\" content=\"Prenosivi sustav za pouzdanu i preciznu lokalizaciju pokretnih objekata u stvarnom vremenu | Ultrax AI\" \/>\n<meta property=\"og:description\" content=\"Projekt je sufinancirala Europska unija iz Mehanizma za oporavak i otpornost Naziv projekta \u2013 Prenosivi sustav za pouzdanu i preciznu lokalizaciju pokretnih objekata u stvarnom vremenu Kratki opis projekta &#8211; Dana 17.05.2024., poduze\u0107e ULTRAX TECHNOLOGIES d.o.o. potpisalo je s Ministarstvom znanosti i obrazovanja Ugovor o dodjeli bespovratnih sredstava u svrhu provedbe projekta \u201ePrenosivi sustav za [&hellip;]\" \/>\n<meta property=\"og:url\" content=\"https:\/\/www.ultrax.ai\/de\/prenosivi-sustav-za-pouzdanu-i-preciznu-lokalizaciju-pokretnih-objekata-u-stvarnom-vremenu\/\" \/>\n<meta property=\"og:site_name\" content=\"Ultrax AI\" \/>\n<meta property=\"article:publisher\" content=\"https:\/\/www.facebook.com\/profile.php?id=100089183396893\" \/>\n<meta property=\"article:modified_time\" content=\"2024-10-29T08:44:21+00:00\" \/>\n<meta property=\"og:image\" content=\"https:\/\/www.ultrax.ai\/wp-content\/uploads\/2024\/10\/HR_Financira_Europska_unija-1.png\" \/>\n\t<meta property=\"og:image:width\" content=\"1170\" \/>\n\t<meta property=\"og:image:height\" content=\"548\" \/>\n\t<meta property=\"og:image:type\" content=\"image\/png\" \/>\n<meta name=\"twitter:card\" content=\"summary_large_image\" \/>\n<meta name=\"twitter:label1\" content=\"Gesch\u00e4tzte Lesezeit\" \/>\n\t<meta name=\"twitter:data1\" content=\"1\u00a0Minute\" \/>\n<script type=\"application\/ld+json\" class=\"yoast-schema-graph\">{\"@context\":\"https:\/\/schema.org\",\"@graph\":[{\"@type\":\"WebPage\",\"@id\":\"https:\/\/www.ultrax.ai\/prenosivi-sustav-za-pouzdanu-i-preciznu-lokalizaciju-pokretnih-objekata-u-stvarnom-vremenu\/\",\"url\":\"https:\/\/www.ultrax.ai\/prenosivi-sustav-za-pouzdanu-i-preciznu-lokalizaciju-pokretnih-objekata-u-stvarnom-vremenu\/\",\"name\":\"Prenosivi sustav za pouzdanu i preciznu lokalizaciju pokretnih objekata u stvarnom vremenu | Ultrax AI\",\"isPartOf\":{\"@id\":\"https:\/\/www.ultrax.ai\/#website\"},\"primaryImageOfPage\":{\"@id\":\"https:\/\/www.ultrax.ai\/prenosivi-sustav-za-pouzdanu-i-preciznu-lokalizaciju-pokretnih-objekata-u-stvarnom-vremenu\/#primaryimage\"},\"image\":{\"@id\":\"https:\/\/www.ultrax.ai\/prenosivi-sustav-za-pouzdanu-i-preciznu-lokalizaciju-pokretnih-objekata-u-stvarnom-vremenu\/#primaryimage\"},\"thumbnailUrl\":\"https:\/\/www.ultrax.ai\/wp-content\/uploads\/2024\/10\/HR_Financira_Europska_unija-1-1024x480.png\",\"datePublished\":\"2024-10-29T08:44:20+00:00\",\"dateModified\":\"2024-10-29T08:44:21+00:00\",\"breadcrumb\":{\"@id\":\"https:\/\/www.ultrax.ai\/prenosivi-sustav-za-pouzdanu-i-preciznu-lokalizaciju-pokretnih-objekata-u-stvarnom-vremenu\/#breadcrumb\"},\"inLanguage\":\"de\",\"potentialAction\":[{\"@type\":\"ReadAction\",\"target\":[\"https:\/\/www.ultrax.ai\/prenosivi-sustav-za-pouzdanu-i-preciznu-lokalizaciju-pokretnih-objekata-u-stvarnom-vremenu\/\"]}]},{\"@type\":\"ImageObject\",\"inLanguage\":\"de\",\"@id\":\"https:\/\/www.ultrax.ai\/prenosivi-sustav-za-pouzdanu-i-preciznu-lokalizaciju-pokretnih-objekata-u-stvarnom-vremenu\/#primaryimage\",\"url\":\"https:\/\/www.ultrax.ai\/wp-content\/uploads\/2024\/10\/HR_Financira_Europska_unija-1-1024x480.png\",\"contentUrl\":\"https:\/\/www.ultrax.ai\/wp-content\/uploads\/2024\/10\/HR_Financira_Europska_unija-1-1024x480.png\"},{\"@type\":\"BreadcrumbList\",\"@id\":\"https:\/\/www.ultrax.ai\/prenosivi-sustav-za-pouzdanu-i-preciznu-lokalizaciju-pokretnih-objekata-u-stvarnom-vremenu\/#breadcrumb\",\"itemListElement\":[{\"@type\":\"ListItem\",\"position\":1,\"name\":\"Home\",\"item\":\"https:\/\/www.ultrax.ai\/\"},{\"@type\":\"ListItem\",\"position\":2,\"name\":\"Prenosivi sustav za pouzdanu i preciznu lokalizaciju pokretnih objekata u stvarnom vremenu\"}]},{\"@type\":\"WebSite\",\"@id\":\"https:\/\/www.ultrax.ai\/#website\",\"url\":\"https:\/\/www.ultrax.ai\/\",\"name\":\"Ultrax\",\"description\":\"\",\"publisher\":{\"@id\":\"https:\/\/www.ultrax.ai\/#organization\"},\"potentialAction\":[{\"@type\":\"SearchAction\",\"target\":{\"@type\":\"EntryPoint\",\"urlTemplate\":\"https:\/\/www.ultrax.ai\/?s={search_term_string}\"},\"query-input\":{\"@type\":\"PropertyValueSpecification\",\"valueRequired\":true,\"valueName\":\"search_term_string\"}}],\"inLanguage\":\"de\"},{\"@type\":\"Organization\",\"@id\":\"https:\/\/www.ultrax.ai\/#organization\",\"name\":\"Ultrax Technologies\",\"url\":\"https:\/\/www.ultrax.ai\/\",\"logo\":{\"@type\":\"ImageObject\",\"inLanguage\":\"de\",\"@id\":\"https:\/\/www.ultrax.ai\/#\/schema\/logo\/image\/\",\"url\":\"https:\/\/www.ultrax.ai\/wp-content\/uploads\/2024\/03\/Logo.svg\",\"contentUrl\":\"https:\/\/www.ultrax.ai\/wp-content\/uploads\/2024\/03\/Logo.svg\",\"width\":230,\"height\":39,\"caption\":\"Ultrax Technologies\"},\"image\":{\"@id\":\"https:\/\/www.ultrax.ai\/#\/schema\/logo\/image\/\"},\"sameAs\":[\"https:\/\/www.facebook.com\/profile.php?id=100089183396893\",\"https:\/\/www.instagram.com\/ultrax.ai\/\"]}]}<\/script>\n<!-- \/ Yoast SEO plugin. -->","yoast_head_json":{"title":"Prenosivi sustav za pouzdanu i preciznu lokalizaciju pokretnih objekata u stvarnom vremenu | Ultrax AI","robots":{"index":"index","follow":"follow","max-snippet":"max-snippet:-1","max-image-preview":"max-image-preview:large","max-video-preview":"max-video-preview:-1"},"canonical":"https:\/\/www.ultrax.ai\/de\/prenosivi-sustav-za-pouzdanu-i-preciznu-lokalizaciju-pokretnih-objekata-u-stvarnom-vremenu\/","og_locale":"de_DE","og_type":"article","og_title":"Prenosivi sustav za pouzdanu i preciznu lokalizaciju pokretnih objekata u stvarnom vremenu | Ultrax AI","og_description":"Projekt je sufinancirala Europska unija iz Mehanizma za oporavak i otpornost Naziv projekta \u2013 Prenosivi sustav za pouzdanu i preciznu lokalizaciju pokretnih objekata u stvarnom vremenu Kratki opis projekta &#8211; Dana 17.05.2024., poduze\u0107e ULTRAX TECHNOLOGIES d.o.o. potpisalo je s Ministarstvom znanosti i obrazovanja Ugovor o dodjeli bespovratnih sredstava u svrhu provedbe projekta \u201ePrenosivi sustav za [&hellip;]","og_url":"https:\/\/www.ultrax.ai\/de\/prenosivi-sustav-za-pouzdanu-i-preciznu-lokalizaciju-pokretnih-objekata-u-stvarnom-vremenu\/","og_site_name":"Ultrax AI","article_publisher":"https:\/\/www.facebook.com\/profile.php?id=100089183396893","article_modified_time":"2024-10-29T08:44:21+00:00","og_image":[{"width":1170,"height":548,"url":"https:\/\/www.ultrax.ai\/wp-content\/uploads\/2024\/10\/HR_Financira_Europska_unija-1.png","type":"image\/png"}],"twitter_card":"summary_large_image","twitter_misc":{"Gesch\u00e4tzte Lesezeit":"1\u00a0Minute"},"schema":{"@context":"https:\/\/schema.org","@graph":[{"@type":"WebPage","@id":"https:\/\/www.ultrax.ai\/prenosivi-sustav-za-pouzdanu-i-preciznu-lokalizaciju-pokretnih-objekata-u-stvarnom-vremenu\/","url":"https:\/\/www.ultrax.ai\/prenosivi-sustav-za-pouzdanu-i-preciznu-lokalizaciju-pokretnih-objekata-u-stvarnom-vremenu\/","name":"Prenosivi sustav za pouzdanu i preciznu lokalizaciju pokretnih objekata u stvarnom vremenu | Ultrax AI","isPartOf":{"@id":"https:\/\/www.ultrax.ai\/#website"},"primaryImageOfPage":{"@id":"https:\/\/www.ultrax.ai\/prenosivi-sustav-za-pouzdanu-i-preciznu-lokalizaciju-pokretnih-objekata-u-stvarnom-vremenu\/#primaryimage"},"image":{"@id":"https:\/\/www.ultrax.ai\/prenosivi-sustav-za-pouzdanu-i-preciznu-lokalizaciju-pokretnih-objekata-u-stvarnom-vremenu\/#primaryimage"},"thumbnailUrl":"https:\/\/www.ultrax.ai\/wp-content\/uploads\/2024\/10\/HR_Financira_Europska_unija-1-1024x480.png","datePublished":"2024-10-29T08:44:20+00:00","dateModified":"2024-10-29T08:44:21+00:00","breadcrumb":{"@id":"https:\/\/www.ultrax.ai\/prenosivi-sustav-za-pouzdanu-i-preciznu-lokalizaciju-pokretnih-objekata-u-stvarnom-vremenu\/#breadcrumb"},"inLanguage":"de","potentialAction":[{"@type":"ReadAction","target":["https:\/\/www.ultrax.ai\/prenosivi-sustav-za-pouzdanu-i-preciznu-lokalizaciju-pokretnih-objekata-u-stvarnom-vremenu\/"]}]},{"@type":"ImageObject","inLanguage":"de","@id":"https:\/\/www.ultrax.ai\/prenosivi-sustav-za-pouzdanu-i-preciznu-lokalizaciju-pokretnih-objekata-u-stvarnom-vremenu\/#primaryimage","url":"https:\/\/www.ultrax.ai\/wp-content\/uploads\/2024\/10\/HR_Financira_Europska_unija-1-1024x480.png","contentUrl":"https:\/\/www.ultrax.ai\/wp-content\/uploads\/2024\/10\/HR_Financira_Europska_unija-1-1024x480.png"},{"@type":"BreadcrumbList","@id":"https:\/\/www.ultrax.ai\/prenosivi-sustav-za-pouzdanu-i-preciznu-lokalizaciju-pokretnih-objekata-u-stvarnom-vremenu\/#breadcrumb","itemListElement":[{"@type":"ListItem","position":1,"name":"Home","item":"https:\/\/www.ultrax.ai\/"},{"@type":"ListItem","position":2,"name":"Prenosivi sustav za pouzdanu i preciznu lokalizaciju pokretnih objekata u stvarnom vremenu"}]},{"@type":"WebSite","@id":"https:\/\/www.ultrax.ai\/#website","url":"https:\/\/www.ultrax.ai\/","name":"Ultrax","description":"","publisher":{"@id":"https:\/\/www.ultrax.ai\/#organization"},"potentialAction":[{"@type":"SearchAction","target":{"@type":"EntryPoint","urlTemplate":"https:\/\/www.ultrax.ai\/?s={search_term_string}"},"query-input":{"@type":"PropertyValueSpecification","valueRequired":true,"valueName":"search_term_string"}}],"inLanguage":"de"},{"@type":"Organization","@id":"https:\/\/www.ultrax.ai\/#organization","name":"Ultrax Technologies","url":"https:\/\/www.ultrax.ai\/","logo":{"@type":"ImageObject","inLanguage":"de","@id":"https:\/\/www.ultrax.ai\/#\/schema\/logo\/image\/","url":"https:\/\/www.ultrax.ai\/wp-content\/uploads\/2024\/03\/Logo.svg","contentUrl":"https:\/\/www.ultrax.ai\/wp-content\/uploads\/2024\/03\/Logo.svg","width":230,"height":39,"caption":"Ultrax Technologies"},"image":{"@id":"https:\/\/www.ultrax.ai\/#\/schema\/logo\/image\/"},"sameAs":["https:\/\/www.facebook.com\/profile.php?id=100089183396893","https:\/\/www.instagram.com\/ultrax.ai\/"]}]}},"acf":[],"_links":{"self":[{"href":"https:\/\/www.ultrax.ai\/de\/wp-json\/wp\/v2\/pages\/6202","targetHints":{"allow":["GET"]}}],"collection":[{"href":"https:\/\/www.ultrax.ai\/de\/wp-json\/wp\/v2\/pages"}],"about":[{"href":"https:\/\/www.ultrax.ai\/de\/wp-json\/wp\/v2\/types\/page"}],"author":[{"embeddable":true,"href":"https:\/\/www.ultrax.ai\/de\/wp-json\/wp\/v2\/users\/5"}],"replies":[{"embeddable":true,"href":"https:\/\/www.ultrax.ai\/de\/wp-json\/wp\/v2\/comments?post=6202"}],"version-history":[{"count":0,"href":"https:\/\/www.ultrax.ai\/de\/wp-json\/wp\/v2\/pages\/6202\/revisions"}],"wp:attachment":[{"href":"https:\/\/www.ultrax.ai\/de\/wp-json\/wp\/v2\/media?parent=6202"}],"curies":[{"name":"wp","href":"https:\/\/api.w.org\/{rel}","templated":true}]}}