{"id":11053,"date":"2026-01-13T10:15:44","date_gmt":"2026-01-13T10:15:44","guid":{"rendered":"https:\/\/www.ultrax.ai\/?page_id=11053"},"modified":"2026-01-19T12:49:02","modified_gmt":"2026-01-19T12:49:02","slug":"eu-funding","status":"publish","type":"page","link":"https:\/\/www.ultrax.ai\/es\/eu-funding\/","title":{"rendered":"Financiaci\u00f3n de la UE"},"content":{"rendered":"<div data-elementor-type=\"wp-page\" data-elementor-id=\"11053\" class=\"elementor elementor-11053\" data-elementor-post-type=\"page\">\n\t\t\t\t<div class=\"elementor-element elementor-element-f35a13c e-flex e-con-boxed e-con e-parent\" data-id=\"f35a13c\" data-element_type=\"container\">\n\t\t\t\t\t<div class=\"e-con-inner\">\n\t\t\t\t<div class=\"elementor-element elementor-element-2ed4e52 elementor-widget elementor-widget-heading\" data-id=\"2ed4e52\" data-element_type=\"widget\" data-widget_type=\"heading.default\">\n\t\t\t\t<div class=\"elementor-widget-container\">\n\t\t\t\t\t<h2 class=\"elementor-heading-title elementor-size-default\"><a href=\"https:\/\/www.ultrax.ai\/es\/ulaganje-u-inovaciju-ultrax-diagnostic-i-spremnost-poduzeca-za-investicije\/\">Ulaganje u inovaciju ULTRAX DIAGNOSTIC i spremnost poduze\u0107a za investicije<\/a><\/h2>\t\t\t\t<\/div>\n\t\t\t\t<\/div>\n\t\t\t\t<div class=\"elementor-element elementor-element-e31ca96 elementor-widget elementor-widget-heading\" data-id=\"e31ca96\" data-element_type=\"widget\" data-widget_type=\"heading.default\">\n\t\t\t\t<div class=\"elementor-widget-container\">\n\t\t\t\t\t<h2 class=\"elementor-heading-title elementor-size-default\"><a href=\"https:\/\/www.ultrax.ai\/es\/ultrax-mama-i-ultrax-baby-inovativni-digitalni-proizvodi-za-holisticko-upravljanje-zdravljem-trudnica-i-mama-nakon-poroda-te-edukaciju-i-podrsku-roditeljima-u-baby-handling-tehnici\/\">Ultrax Mama i Ultrax Baby \u2013 inovativni digitalni proizvodi za holisti\u010dko upravljanje zdravljem trudnica i mama nakon poroda, te edukaciju i podr\u0161ku roditeljima u Baby Handling tehnici<\/a><\/h2>\t\t\t\t<\/div>\n\t\t\t\t<\/div>\n\t\t\t\t<div class=\"elementor-element elementor-element-028c1ae elementor-widget elementor-widget-heading\" data-id=\"028c1ae\" data-element_type=\"widget\" data-widget_type=\"heading.default\">\n\t\t\t\t<div class=\"elementor-widget-container\">\n\t\t\t\t\t<h2 class=\"elementor-heading-title elementor-size-default\"><a href=\"https:\/\/www.ultrax.ai\/es\/jacanje-akceleracijske-aktivnosti-tvrtke-ultrax\/\">Ja\u010danje akceleracijske aktivnosti tvrtke ULTRAX<\/a><\/h2>\t\t\t\t<\/div>\n\t\t\t\t<\/div>\n\t\t\t\t<div class=\"elementor-element elementor-element-5c23cd5 elementor-widget elementor-widget-heading\" data-id=\"5c23cd5\" data-element_type=\"widget\" data-widget_type=\"heading.default\">\n\t\t\t\t<div class=\"elementor-widget-container\">\n\t\t\t\t\t<h2 class=\"elementor-heading-title elementor-size-default\"><a href=\"https:\/\/www.ultrax.ai\/es\/certifikacija-proizvoda-ultraxfv\/\">Certifikacija proizvoda UltraxFV<\/a><\/h2>\t\t\t\t<\/div>\n\t\t\t\t<\/div>\n\t\t\t\t\t<\/div>\n\t\t\t\t<\/div>\n\t\t\t\t<\/div>","protected":false},"excerpt":{"rendered":"<p>Ulaganje u inovaciju ULTRAX DIAGNOSTIC i spremnost poduze\u0107a za investicije Ultrax Mama i Ultrax Baby \u2013 inovativni digitalni proizvodi za holisti\u010dko upravljanje zdravljem trudnica i mama nakon poroda, te edukaciju i podr\u0161ku roditeljima u Baby Handling tehnici Ja\u010danje akceleracijske aktivnosti tvrtke ULTRAX Certifikacija proizvoda UltraxFV<\/p>","protected":false},"author":5,"featured_media":0,"parent":0,"menu_order":0,"comment_status":"closed","ping_status":"closed","template":"","meta":{"_acf_changed":false,"inline_featured_image":false,"footnotes":""},"class_list":["post-11053","page","type-page","status-publish","hentry"],"yoast_head":"<!-- This site is optimized with the Yoast SEO plugin v26.6 - https:\/\/yoast.com\/wordpress\/plugins\/seo\/ -->\n<title>EU Funding | Ultrax AI<\/title>\n<meta name=\"robots\" content=\"index, follow, max-snippet:-1, max-image-preview:large, max-video-preview:-1\" \/>\n<link rel=\"canonical\" href=\"https:\/\/www.ultrax.ai\/es\/eu-funding\/\" \/>\n<meta property=\"og:locale\" content=\"es_ES\" \/>\n<meta property=\"og:type\" content=\"article\" \/>\n<meta property=\"og:title\" content=\"EU Funding | Ultrax AI\" \/>\n<meta property=\"og:description\" content=\"Ulaganje u inovaciju ULTRAX DIAGNOSTIC i spremnost poduze\u0107a za investicije Ultrax Mama i Ultrax Baby \u2013 inovativni digitalni proizvodi za holisti\u010dko upravljanje zdravljem trudnica i mama nakon poroda, te edukaciju i podr\u0161ku roditeljima u Baby Handling tehnici Ja\u010danje akceleracijske aktivnosti tvrtke ULTRAX Certifikacija proizvoda UltraxFV\" \/>\n<meta property=\"og:url\" content=\"https:\/\/www.ultrax.ai\/es\/eu-funding\/\" \/>\n<meta property=\"og:site_name\" content=\"Ultrax AI\" \/>\n<meta property=\"article:publisher\" content=\"https:\/\/www.facebook.com\/profile.php?id=100089183396893\" \/>\n<meta property=\"article:modified_time\" content=\"2026-01-19T12:49:02+00:00\" \/>\n<meta name=\"twitter:card\" content=\"summary_large_image\" \/>\n<meta name=\"twitter:label1\" content=\"Tiempo de lectura\" \/>\n\t<meta name=\"twitter:data1\" content=\"1 minuto\" \/>\n<script type=\"application\/ld+json\" class=\"yoast-schema-graph\">{\"@context\":\"https:\/\/schema.org\",\"@graph\":[{\"@type\":\"WebPage\",\"@id\":\"https:\/\/www.ultrax.ai\/eu-funding\/\",\"url\":\"https:\/\/www.ultrax.ai\/eu-funding\/\",\"name\":\"EU Funding | Ultrax AI\",\"isPartOf\":{\"@id\":\"https:\/\/www.ultrax.ai\/#website\"},\"datePublished\":\"2026-01-13T10:15:44+00:00\",\"dateModified\":\"2026-01-19T12:49:02+00:00\",\"breadcrumb\":{\"@id\":\"https:\/\/www.ultrax.ai\/eu-funding\/#breadcrumb\"},\"inLanguage\":\"es\",\"potentialAction\":[{\"@type\":\"ReadAction\",\"target\":[\"https:\/\/www.ultrax.ai\/eu-funding\/\"]}]},{\"@type\":\"BreadcrumbList\",\"@id\":\"https:\/\/www.ultrax.ai\/eu-funding\/#breadcrumb\",\"itemListElement\":[{\"@type\":\"ListItem\",\"position\":1,\"name\":\"Home\",\"item\":\"https:\/\/www.ultrax.ai\/\"},{\"@type\":\"ListItem\",\"position\":2,\"name\":\"EU Funding\"}]},{\"@type\":\"WebSite\",\"@id\":\"https:\/\/www.ultrax.ai\/#website\",\"url\":\"https:\/\/www.ultrax.ai\/\",\"name\":\"Ultrax\",\"description\":\"\",\"publisher\":{\"@id\":\"https:\/\/www.ultrax.ai\/#organization\"},\"potentialAction\":[{\"@type\":\"SearchAction\",\"target\":{\"@type\":\"EntryPoint\",\"urlTemplate\":\"https:\/\/www.ultrax.ai\/?s={search_term_string}\"},\"query-input\":{\"@type\":\"PropertyValueSpecification\",\"valueRequired\":true,\"valueName\":\"search_term_string\"}}],\"inLanguage\":\"es\"},{\"@type\":\"Organization\",\"@id\":\"https:\/\/www.ultrax.ai\/#organization\",\"name\":\"Ultrax Technologies\",\"url\":\"https:\/\/www.ultrax.ai\/\",\"logo\":{\"@type\":\"ImageObject\",\"inLanguage\":\"es\",\"@id\":\"https:\/\/www.ultrax.ai\/#\/schema\/logo\/image\/\",\"url\":\"https:\/\/www.ultrax.ai\/wp-content\/uploads\/2024\/03\/Logo.svg\",\"contentUrl\":\"https:\/\/www.ultrax.ai\/wp-content\/uploads\/2024\/03\/Logo.svg\",\"width\":230,\"height\":39,\"caption\":\"Ultrax Technologies\"},\"image\":{\"@id\":\"https:\/\/www.ultrax.ai\/#\/schema\/logo\/image\/\"},\"sameAs\":[\"https:\/\/www.facebook.com\/profile.php?id=100089183396893\",\"https:\/\/www.instagram.com\/ultrax.ai\/\"]}]}<\/script>\n<!-- \/ Yoast SEO plugin. -->","yoast_head_json":{"title":"EU Funding | Ultrax AI","robots":{"index":"index","follow":"follow","max-snippet":"max-snippet:-1","max-image-preview":"max-image-preview:large","max-video-preview":"max-video-preview:-1"},"canonical":"https:\/\/www.ultrax.ai\/es\/eu-funding\/","og_locale":"es_ES","og_type":"article","og_title":"EU Funding | Ultrax AI","og_description":"Ulaganje u inovaciju ULTRAX DIAGNOSTIC i spremnost poduze\u0107a za investicije Ultrax Mama i Ultrax Baby \u2013 inovativni digitalni proizvodi za holisti\u010dko upravljanje zdravljem trudnica i mama nakon poroda, te edukaciju i podr\u0161ku roditeljima u Baby Handling tehnici Ja\u010danje akceleracijske aktivnosti tvrtke ULTRAX Certifikacija proizvoda UltraxFV","og_url":"https:\/\/www.ultrax.ai\/es\/eu-funding\/","og_site_name":"Ultrax AI","article_publisher":"https:\/\/www.facebook.com\/profile.php?id=100089183396893","article_modified_time":"2026-01-19T12:49:02+00:00","twitter_card":"summary_large_image","twitter_misc":{"Tiempo de lectura":"1 minuto"},"schema":{"@context":"https:\/\/schema.org","@graph":[{"@type":"WebPage","@id":"https:\/\/www.ultrax.ai\/eu-funding\/","url":"https:\/\/www.ultrax.ai\/eu-funding\/","name":"EU Funding | Ultrax AI","isPartOf":{"@id":"https:\/\/www.ultrax.ai\/#website"},"datePublished":"2026-01-13T10:15:44+00:00","dateModified":"2026-01-19T12:49:02+00:00","breadcrumb":{"@id":"https:\/\/www.ultrax.ai\/eu-funding\/#breadcrumb"},"inLanguage":"es","potentialAction":[{"@type":"ReadAction","target":["https:\/\/www.ultrax.ai\/eu-funding\/"]}]},{"@type":"BreadcrumbList","@id":"https:\/\/www.ultrax.ai\/eu-funding\/#breadcrumb","itemListElement":[{"@type":"ListItem","position":1,"name":"Home","item":"https:\/\/www.ultrax.ai\/"},{"@type":"ListItem","position":2,"name":"EU Funding"}]},{"@type":"WebSite","@id":"https:\/\/www.ultrax.ai\/#website","url":"https:\/\/www.ultrax.ai\/","name":"Ultrax","description":"","publisher":{"@id":"https:\/\/www.ultrax.ai\/#organization"},"potentialAction":[{"@type":"SearchAction","target":{"@type":"EntryPoint","urlTemplate":"https:\/\/www.ultrax.ai\/?s={search_term_string}"},"query-input":{"@type":"PropertyValueSpecification","valueRequired":true,"valueName":"search_term_string"}}],"inLanguage":"es"},{"@type":"Organization","@id":"https:\/\/www.ultrax.ai\/#organization","name":"Ultrax Technologies","url":"https:\/\/www.ultrax.ai\/","logo":{"@type":"ImageObject","inLanguage":"es","@id":"https:\/\/www.ultrax.ai\/#\/schema\/logo\/image\/","url":"https:\/\/www.ultrax.ai\/wp-content\/uploads\/2024\/03\/Logo.svg","contentUrl":"https:\/\/www.ultrax.ai\/wp-content\/uploads\/2024\/03\/Logo.svg","width":230,"height":39,"caption":"Ultrax Technologies"},"image":{"@id":"https:\/\/www.ultrax.ai\/#\/schema\/logo\/image\/"},"sameAs":["https:\/\/www.facebook.com\/profile.php?id=100089183396893","https:\/\/www.instagram.com\/ultrax.ai\/"]}]}},"acf":[],"_links":{"self":[{"href":"https:\/\/www.ultrax.ai\/es\/wp-json\/wp\/v2\/pages\/11053","targetHints":{"allow":["GET"]}}],"collection":[{"href":"https:\/\/www.ultrax.ai\/es\/wp-json\/wp\/v2\/pages"}],"about":[{"href":"https:\/\/www.ultrax.ai\/es\/wp-json\/wp\/v2\/types\/page"}],"author":[{"embeddable":true,"href":"https:\/\/www.ultrax.ai\/es\/wp-json\/wp\/v2\/users\/5"}],"replies":[{"embeddable":true,"href":"https:\/\/www.ultrax.ai\/es\/wp-json\/wp\/v2\/comments?post=11053"}],"version-history":[{"count":0,"href":"https:\/\/www.ultrax.ai\/es\/wp-json\/wp\/v2\/pages\/11053\/revisions"}],"wp:attachment":[{"href":"https:\/\/www.ultrax.ai\/es\/wp-json\/wp\/v2\/media?parent=11053"}],"curies":[{"name":"wp","href":"https:\/\/api.w.org\/{rel}","templated":true}]}}