{"id":11055,"date":"2026-01-13T10:16:14","date_gmt":"2026-01-13T10:16:14","guid":{"rendered":"https:\/\/www.ultrax.ai\/?page_id=11055"},"modified":"2026-03-13T14:26:40","modified_gmt":"2026-03-13T14:26:40","slug":"ultrax-mama-i-ultrax-baby-inovativni-digitalni-proizvodi-za-holisticko-upravljanje-zdravljem-trudnica-i-mama-nakon-poroda-te-edukaciju-i-podrsku-roditeljima-u-baby-handling-tehnici","status":"publish","type":"page","link":"https:\/\/www.ultrax.ai\/hr\/ultrax-mama-i-ultrax-baby-inovativni-digitalni-proizvodi-za-holisticko-upravljanje-zdravljem-trudnica-i-mama-nakon-poroda-te-edukaciju-i-podrsku-roditeljima-u-baby-handling-tehnici\/","title":{"rendered":"Ultrax Mama i Ultrax Baby \u2013 inovativni digitalni proizvodi za holisti\u010dko upravljanje zdravljem trudnica i mama nakon poroda, te edukaciju i podr\u0161ku roditeljima u Baby Handling tehnici"},"content":{"rendered":"<figure class=\"wp-block-image size-large\"><img fetchpriority=\"high\" decoding=\"async\" width=\"1024\" height=\"257\" src=\"https:\/\/www.ultrax.ai\/wp-content\/uploads\/2026\/01\/image-1024x257.png\" alt=\"\" class=\"wp-image-11064\" srcset=\"https:\/\/www.ultrax.ai\/wp-content\/uploads\/2026\/01\/image-1024x257.png 1024w, https:\/\/www.ultrax.ai\/wp-content\/uploads\/2026\/01\/image-300x75.png 300w, https:\/\/www.ultrax.ai\/wp-content\/uploads\/2026\/01\/image-768x193.png 768w, https:\/\/www.ultrax.ai\/wp-content\/uploads\/2026\/01\/image-18x5.png 18w, https:\/\/www.ultrax.ai\/wp-content\/uploads\/2026\/01\/image.png 1385w\" sizes=\"(max-width: 1024px) 100vw, 1024px\" \/><\/figure>\n\n\n\n<p class=\"has-text-align-center\"><strong>Projekt je sufinancirala Europska unija u okviru Programa Konkurentnost i kohezija<\/strong> <\/p>\n\n\n\n<p class=\"has-text-align-center\"><strong> 2021. \u2013 2027. <\/strong> <\/p>\n\n\n\n<p><strong>Naziv projekta<\/strong> \u2013 Ultrax Mama i Ultrax Baby \u2013 inovativni digitalni proizvodi za holisti\u010dko upravljanje zdravljem trudnica i mama nakon poroda, te edukaciju i podr\u0161ku roditeljima u Baby Handling tehnici  <\/p>\n\n\n\n<p><strong>Kratki opis projekta<\/strong> &#8211; Dana 03.12.2025., poduze\u0107e ULTRAX TECHNOLOGIES d.o.o. potpisalo je s Ministarstvom gospodarstva Ugovor o dodjeli bespovratnih sredstava u svrhu provedbe projekta pod nazivom \u201eUltraxMama i Ultrax Baby \u2013 inovativni digitalni proizvodi za holisti\u010dko upravljanje zdravljem trudnica i mama nakon poroda, te edukaciju i podr\u0161ku roditeljima u Baby Handling tehnici\u201c. Provedba projekta sufinancirana je iz Programa Konkurentnosti i kohezije 2021. \u2013 2027.  <\/p>\n\n\n\n<p>Cilj projekta je razvoj inovativnih digitalnih proizvoda koji omogu\u0107uju holisti\u010dko upravljanje zdravljem trudnica i \u017eena nakon poroda, kao i pru\u017eanje edukacije i podr\u0161ke roditeljima u primjeni Baby Handling tehnike, te kroz personalizirani pristup, interaktivne funkcionalnosti i stgru\u010dne smjernice poma\u017eu pra\u0107enju fizi\u010dkog i mentalnog zdravlja majki, ranom razvoju djeteta, te osna\u017eivanju roditelja kroz pristupa\u010dnu i stru\u010dnoutemeljenu edukaciju. <\/p>\n\n\n\n<p>Ciljane skupine projekta su trudnice u svim trimestrima trudno\u0107e, \u017eene u postporo\u0111ajnom razdoblju (do 18 mjeseci nakon poroda), roditelji s novoro\u0111en\u010dadi (poseban fokus na majke), \u017eene koje planiraju trudno\u0107u(prekoncepcijska faza), te partneri, medicinski djelatnici (ginekolozi, patrona\u017ene sestre, pedijatri), fitness treneri i nutricionisti. <\/p>\n\n\n\n<p><strong>O\u010dekivani rezultati projekta su: <\/strong><\/p>\n\n\n\n<ol start=\"1\" class=\"wp-block-list\">\n<li>Razvijena dva glavna inovativna proizvoda: <\/li>\n<\/ol>\n\n\n\n<ol start=\"1\" class=\"wp-block-list\">\n<li>Potpuno fukcionalna web i mobilna aplikacija za rezervaciju stolova s integriranim 3D prikazom prostora, <\/li>\n<\/ol>\n\n\n\n<ol start=\"2\" class=\"wp-block-list\">\n<li>Administrativni sustav za vlasnike ugostiteljskih objekata, dostupan putem web su\u010delja ili aplikacije, koji omogu\u0107uje upravljanje rezervacijama, pra\u0107enje popunjenosti, analizu poslovanja, a koji \u0107e uklju\u010divati i sustav za promotorske rezervacije koji \u0107e omogu\u0107iti automatizirano pra\u0107enje rezeracija koje dolaze prutem promotora i obra\u010dunavaju provizije. <\/li>\n<\/ol>\n\n\n\n<ol start=\"2\" class=\"wp-block-list\">\n<li>Pove\u0107ani kapaciteti za upravljanje poduze\u0107em bazirane na znanju ili visokim tehnologijama, te spremnost za investicije i pobolj\u0161anja u komercijalizaciji proizvoda, usluga i tehnologija. <\/li>\n<\/ol>\n\n\n\n<p><strong>Korisnik:<\/strong> ULTRAX TECHNOLOGIES d.o.o. Ma\u010de  <\/p>\n\n\n\n<p><strong>Referentni broj projekata<\/strong>: PK.1.1.08.0281 <\/p>\n\n\n\n<p><strong>Ukupna vrijednost projekta<\/strong>: 110.395,27 \u20ac <\/p>\n\n\n\n<p><strong>Prihvatljivi tro\u0161kovi projekta<\/strong>: 89.395,27 \u20ac <\/p>\n\n\n\n<p><strong>Iznos odobrene EU potpore<\/strong>: 75.985,97 \u20ac <\/p>\n\n\n\n<p><strong>Razdoblje provedenog projekta:<\/strong>  01.09.2025. &#8211;  01.09.2026. <\/p>\n\n\n\n<p><strong>Kontakt osoba za vi\u0161e informacija<\/strong> \u2013 Marko Sukre\u0161ki, <a href=\"mailto:marko.sukreski@ultrax.ai\" target=\"_blank\" rel=\"noreferrer noopener\">marko.sukreski@ultrax.ai<\/a> <\/p>\n\n\n\n<p>Sadr\u017eaj ove publikacije isklju\u010diva je odgovornost poduze\u0107a ULTRAX TECHNOLOGIES d.o.o.   <\/p>","protected":false},"excerpt":{"rendered":"<p>Projekt je sufinancirala Europska unija u okviru Programa Konkurentnost i kohezija 2021. \u2013 2027. Naziv projekta \u2013 Ultrax Mama i Ultrax Baby \u2013 inovativni digitalni proizvodi za holisti\u010dko upravljanje zdravljem trudnica i mama nakon poroda, te edukaciju i podr\u0161ku roditeljima u Baby Handling tehnici Kratki opis projekta &#8211; Dana 03.12.2025., poduze\u0107e ULTRAX TECHNOLOGIES d.o.o. potpisalo [&hellip;]<\/p>","protected":false},"author":5,"featured_media":0,"parent":0,"menu_order":0,"comment_status":"closed","ping_status":"closed","template":"","meta":{"_acf_changed":false,"inline_featured_image":false,"footnotes":""},"class_list":["post-11055","page","type-page","status-publish","hentry"],"yoast_head":"<!-- This site is optimized with the Yoast SEO plugin v26.6 - https:\/\/yoast.com\/wordpress\/plugins\/seo\/ -->\n<title>Ultrax Mama i Ultrax Baby \u2013 inovativni digitalni proizvodi za holisti\u010dko upravljanje zdravljem trudnica i mama nakon poroda, te edukaciju i podr\u0161ku roditeljima u Baby Handling tehnici | Ultrax AI<\/title>\n<meta name=\"robots\" content=\"index, follow, max-snippet:-1, max-image-preview:large, max-video-preview:-1\" \/>\n<link rel=\"canonical\" href=\"https:\/\/www.ultrax.ai\/hr\/ultrax-mama-i-ultrax-baby-inovativni-digitalni-proizvodi-za-holisticko-upravljanje-zdravljem-trudnica-i-mama-nakon-poroda-te-edukaciju-i-podrsku-roditeljima-u-baby-handling-tehnici\/\" \/>\n<meta property=\"og:locale\" content=\"hr_HR\" \/>\n<meta property=\"og:type\" content=\"article\" \/>\n<meta property=\"og:title\" content=\"Ultrax Mama i Ultrax Baby \u2013 inovativni digitalni proizvodi za holisti\u010dko upravljanje zdravljem trudnica i mama nakon poroda, te edukaciju i podr\u0161ku roditeljima u Baby Handling tehnici | Ultrax AI\" \/>\n<meta property=\"og:description\" content=\"Projekt je sufinancirala Europska unija u okviru Programa Konkurentnost i kohezija 2021. \u2013 2027. Naziv projekta \u2013 Ultrax Mama i Ultrax Baby \u2013 inovativni digitalni proizvodi za holisti\u010dko upravljanje zdravljem trudnica i mama nakon poroda, te edukaciju i podr\u0161ku roditeljima u Baby Handling tehnici Kratki opis projekta &#8211; Dana 03.12.2025., poduze\u0107e ULTRAX TECHNOLOGIES d.o.o. potpisalo [&hellip;]\" \/>\n<meta property=\"og:url\" content=\"https:\/\/www.ultrax.ai\/hr\/ultrax-mama-i-ultrax-baby-inovativni-digitalni-proizvodi-za-holisticko-upravljanje-zdravljem-trudnica-i-mama-nakon-poroda-te-edukaciju-i-podrsku-roditeljima-u-baby-handling-tehnici\/\" \/>\n<meta property=\"og:site_name\" content=\"Ultrax AI\" \/>\n<meta property=\"article:publisher\" content=\"https:\/\/www.facebook.com\/profile.php?id=100089183396893\" \/>\n<meta property=\"article:modified_time\" content=\"2026-03-13T14:26:40+00:00\" \/>\n<meta property=\"og:image\" content=\"https:\/\/www.ultrax.ai\/wp-content\/uploads\/2026\/01\/image.png\" \/>\n\t<meta property=\"og:image:width\" content=\"1385\" \/>\n\t<meta property=\"og:image:height\" content=\"348\" \/>\n\t<meta property=\"og:image:type\" content=\"image\/png\" \/>\n<meta name=\"twitter:card\" content=\"summary_large_image\" \/>\n<meta name=\"twitter:label1\" content=\"Procijenjeno vrijeme \u010ditanja\" \/>\n\t<meta name=\"twitter:data1\" content=\"2 minute\" \/>\n<script type=\"application\/ld+json\" class=\"yoast-schema-graph\">{\"@context\":\"https:\/\/schema.org\",\"@graph\":[{\"@type\":\"WebPage\",\"@id\":\"https:\/\/www.ultrax.ai\/ultrax-mama-i-ultrax-baby-inovativni-digitalni-proizvodi-za-holisticko-upravljanje-zdravljem-trudnica-i-mama-nakon-poroda-te-edukaciju-i-podrsku-roditeljima-u-baby-handling-tehnici\/\",\"url\":\"https:\/\/www.ultrax.ai\/ultrax-mama-i-ultrax-baby-inovativni-digitalni-proizvodi-za-holisticko-upravljanje-zdravljem-trudnica-i-mama-nakon-poroda-te-edukaciju-i-podrsku-roditeljima-u-baby-handling-tehnici\/\",\"name\":\"Ultrax Mama i Ultrax Baby \u2013 inovativni digitalni proizvodi za holisti\u010dko upravljanje zdravljem trudnica i mama nakon poroda, te edukaciju i podr\u0161ku roditeljima u Baby Handling tehnici | Ultrax AI\",\"isPartOf\":{\"@id\":\"https:\/\/www.ultrax.ai\/#website\"},\"primaryImageOfPage\":{\"@id\":\"https:\/\/www.ultrax.ai\/ultrax-mama-i-ultrax-baby-inovativni-digitalni-proizvodi-za-holisticko-upravljanje-zdravljem-trudnica-i-mama-nakon-poroda-te-edukaciju-i-podrsku-roditeljima-u-baby-handling-tehnici\/#primaryimage\"},\"image\":{\"@id\":\"https:\/\/www.ultrax.ai\/ultrax-mama-i-ultrax-baby-inovativni-digitalni-proizvodi-za-holisticko-upravljanje-zdravljem-trudnica-i-mama-nakon-poroda-te-edukaciju-i-podrsku-roditeljima-u-baby-handling-tehnici\/#primaryimage\"},\"thumbnailUrl\":\"https:\/\/www.ultrax.ai\/wp-content\/uploads\/2026\/01\/image-1024x257.png\",\"datePublished\":\"2026-01-13T10:16:14+00:00\",\"dateModified\":\"2026-03-13T14:26:40+00:00\",\"breadcrumb\":{\"@id\":\"https:\/\/www.ultrax.ai\/ultrax-mama-i-ultrax-baby-inovativni-digitalni-proizvodi-za-holisticko-upravljanje-zdravljem-trudnica-i-mama-nakon-poroda-te-edukaciju-i-podrsku-roditeljima-u-baby-handling-tehnici\/#breadcrumb\"},\"inLanguage\":\"hr\",\"potentialAction\":[{\"@type\":\"ReadAction\",\"target\":[\"https:\/\/www.ultrax.ai\/ultrax-mama-i-ultrax-baby-inovativni-digitalni-proizvodi-za-holisticko-upravljanje-zdravljem-trudnica-i-mama-nakon-poroda-te-edukaciju-i-podrsku-roditeljima-u-baby-handling-tehnici\/\"]}]},{\"@type\":\"ImageObject\",\"inLanguage\":\"hr\",\"@id\":\"https:\/\/www.ultrax.ai\/ultrax-mama-i-ultrax-baby-inovativni-digitalni-proizvodi-za-holisticko-upravljanje-zdravljem-trudnica-i-mama-nakon-poroda-te-edukaciju-i-podrsku-roditeljima-u-baby-handling-tehnici\/#primaryimage\",\"url\":\"https:\/\/www.ultrax.ai\/wp-content\/uploads\/2026\/01\/image-1024x257.png\",\"contentUrl\":\"https:\/\/www.ultrax.ai\/wp-content\/uploads\/2026\/01\/image-1024x257.png\"},{\"@type\":\"BreadcrumbList\",\"@id\":\"https:\/\/www.ultrax.ai\/ultrax-mama-i-ultrax-baby-inovativni-digitalni-proizvodi-za-holisticko-upravljanje-zdravljem-trudnica-i-mama-nakon-poroda-te-edukaciju-i-podrsku-roditeljima-u-baby-handling-tehnici\/#breadcrumb\",\"itemListElement\":[{\"@type\":\"ListItem\",\"position\":1,\"name\":\"Home\",\"item\":\"https:\/\/www.ultrax.ai\/\"},{\"@type\":\"ListItem\",\"position\":2,\"name\":\"Ultrax Mama i Ultrax Baby \u2013 inovativni digitalni proizvodi za holisti\u010dko upravljanje zdravljem trudnica i mama nakon poroda, te edukaciju i podr\u0161ku roditeljima u Baby Handling tehnici\"}]},{\"@type\":\"WebSite\",\"@id\":\"https:\/\/www.ultrax.ai\/#website\",\"url\":\"https:\/\/www.ultrax.ai\/\",\"name\":\"Ultrax\",\"description\":\"\",\"publisher\":{\"@id\":\"https:\/\/www.ultrax.ai\/#organization\"},\"potentialAction\":[{\"@type\":\"SearchAction\",\"target\":{\"@type\":\"EntryPoint\",\"urlTemplate\":\"https:\/\/www.ultrax.ai\/?s={search_term_string}\"},\"query-input\":{\"@type\":\"PropertyValueSpecification\",\"valueRequired\":true,\"valueName\":\"search_term_string\"}}],\"inLanguage\":\"hr\"},{\"@type\":\"Organization\",\"@id\":\"https:\/\/www.ultrax.ai\/#organization\",\"name\":\"Ultrax Technologies\",\"url\":\"https:\/\/www.ultrax.ai\/\",\"logo\":{\"@type\":\"ImageObject\",\"inLanguage\":\"hr\",\"@id\":\"https:\/\/www.ultrax.ai\/#\/schema\/logo\/image\/\",\"url\":\"https:\/\/www.ultrax.ai\/wp-content\/uploads\/2024\/03\/Logo.svg\",\"contentUrl\":\"https:\/\/www.ultrax.ai\/wp-content\/uploads\/2024\/03\/Logo.svg\",\"width\":230,\"height\":39,\"caption\":\"Ultrax Technologies\"},\"image\":{\"@id\":\"https:\/\/www.ultrax.ai\/#\/schema\/logo\/image\/\"},\"sameAs\":[\"https:\/\/www.facebook.com\/profile.php?id=100089183396893\",\"https:\/\/www.instagram.com\/ultrax.ai\/\"]}]}<\/script>\n<!-- \/ Yoast SEO plugin. -->","yoast_head_json":{"title":"Ultrax Mama i Ultrax Baby \u2013 inovativni digitalni proizvodi za holisti\u010dko upravljanje zdravljem trudnica i mama nakon poroda, te edukaciju i podr\u0161ku roditeljima u Baby Handling tehnici | Ultrax AI","robots":{"index":"index","follow":"follow","max-snippet":"max-snippet:-1","max-image-preview":"max-image-preview:large","max-video-preview":"max-video-preview:-1"},"canonical":"https:\/\/www.ultrax.ai\/hr\/ultrax-mama-i-ultrax-baby-inovativni-digitalni-proizvodi-za-holisticko-upravljanje-zdravljem-trudnica-i-mama-nakon-poroda-te-edukaciju-i-podrsku-roditeljima-u-baby-handling-tehnici\/","og_locale":"hr_HR","og_type":"article","og_title":"Ultrax Mama i Ultrax Baby \u2013 inovativni digitalni proizvodi za holisti\u010dko upravljanje zdravljem trudnica i mama nakon poroda, te edukaciju i podr\u0161ku roditeljima u Baby Handling tehnici | Ultrax AI","og_description":"Projekt je sufinancirala Europska unija u okviru Programa Konkurentnost i kohezija 2021. \u2013 2027. Naziv projekta \u2013 Ultrax Mama i Ultrax Baby \u2013 inovativni digitalni proizvodi za holisti\u010dko upravljanje zdravljem trudnica i mama nakon poroda, te edukaciju i podr\u0161ku roditeljima u Baby Handling tehnici Kratki opis projekta &#8211; Dana 03.12.2025., poduze\u0107e ULTRAX TECHNOLOGIES d.o.o. potpisalo [&hellip;]","og_url":"https:\/\/www.ultrax.ai\/hr\/ultrax-mama-i-ultrax-baby-inovativni-digitalni-proizvodi-za-holisticko-upravljanje-zdravljem-trudnica-i-mama-nakon-poroda-te-edukaciju-i-podrsku-roditeljima-u-baby-handling-tehnici\/","og_site_name":"Ultrax AI","article_publisher":"https:\/\/www.facebook.com\/profile.php?id=100089183396893","article_modified_time":"2026-03-13T14:26:40+00:00","og_image":[{"width":1385,"height":348,"url":"https:\/\/www.ultrax.ai\/wp-content\/uploads\/2026\/01\/image.png","type":"image\/png"}],"twitter_card":"summary_large_image","twitter_misc":{"Procijenjeno vrijeme \u010ditanja":"2 minute"},"schema":{"@context":"https:\/\/schema.org","@graph":[{"@type":"WebPage","@id":"https:\/\/www.ultrax.ai\/ultrax-mama-i-ultrax-baby-inovativni-digitalni-proizvodi-za-holisticko-upravljanje-zdravljem-trudnica-i-mama-nakon-poroda-te-edukaciju-i-podrsku-roditeljima-u-baby-handling-tehnici\/","url":"https:\/\/www.ultrax.ai\/ultrax-mama-i-ultrax-baby-inovativni-digitalni-proizvodi-za-holisticko-upravljanje-zdravljem-trudnica-i-mama-nakon-poroda-te-edukaciju-i-podrsku-roditeljima-u-baby-handling-tehnici\/","name":"Ultrax Mama i Ultrax Baby \u2013 inovativni digitalni proizvodi za holisti\u010dko upravljanje zdravljem trudnica i mama nakon poroda, te edukaciju i podr\u0161ku roditeljima u Baby Handling tehnici | Ultrax AI","isPartOf":{"@id":"https:\/\/www.ultrax.ai\/#website"},"primaryImageOfPage":{"@id":"https:\/\/www.ultrax.ai\/ultrax-mama-i-ultrax-baby-inovativni-digitalni-proizvodi-za-holisticko-upravljanje-zdravljem-trudnica-i-mama-nakon-poroda-te-edukaciju-i-podrsku-roditeljima-u-baby-handling-tehnici\/#primaryimage"},"image":{"@id":"https:\/\/www.ultrax.ai\/ultrax-mama-i-ultrax-baby-inovativni-digitalni-proizvodi-za-holisticko-upravljanje-zdravljem-trudnica-i-mama-nakon-poroda-te-edukaciju-i-podrsku-roditeljima-u-baby-handling-tehnici\/#primaryimage"},"thumbnailUrl":"https:\/\/www.ultrax.ai\/wp-content\/uploads\/2026\/01\/image-1024x257.png","datePublished":"2026-01-13T10:16:14+00:00","dateModified":"2026-03-13T14:26:40+00:00","breadcrumb":{"@id":"https:\/\/www.ultrax.ai\/ultrax-mama-i-ultrax-baby-inovativni-digitalni-proizvodi-za-holisticko-upravljanje-zdravljem-trudnica-i-mama-nakon-poroda-te-edukaciju-i-podrsku-roditeljima-u-baby-handling-tehnici\/#breadcrumb"},"inLanguage":"hr","potentialAction":[{"@type":"ReadAction","target":["https:\/\/www.ultrax.ai\/ultrax-mama-i-ultrax-baby-inovativni-digitalni-proizvodi-za-holisticko-upravljanje-zdravljem-trudnica-i-mama-nakon-poroda-te-edukaciju-i-podrsku-roditeljima-u-baby-handling-tehnici\/"]}]},{"@type":"ImageObject","inLanguage":"hr","@id":"https:\/\/www.ultrax.ai\/ultrax-mama-i-ultrax-baby-inovativni-digitalni-proizvodi-za-holisticko-upravljanje-zdravljem-trudnica-i-mama-nakon-poroda-te-edukaciju-i-podrsku-roditeljima-u-baby-handling-tehnici\/#primaryimage","url":"https:\/\/www.ultrax.ai\/wp-content\/uploads\/2026\/01\/image-1024x257.png","contentUrl":"https:\/\/www.ultrax.ai\/wp-content\/uploads\/2026\/01\/image-1024x257.png"},{"@type":"BreadcrumbList","@id":"https:\/\/www.ultrax.ai\/ultrax-mama-i-ultrax-baby-inovativni-digitalni-proizvodi-za-holisticko-upravljanje-zdravljem-trudnica-i-mama-nakon-poroda-te-edukaciju-i-podrsku-roditeljima-u-baby-handling-tehnici\/#breadcrumb","itemListElement":[{"@type":"ListItem","position":1,"name":"Home","item":"https:\/\/www.ultrax.ai\/"},{"@type":"ListItem","position":2,"name":"Ultrax Mama i Ultrax Baby \u2013 inovativni digitalni proizvodi za holisti\u010dko upravljanje zdravljem trudnica i mama nakon poroda, te edukaciju i podr\u0161ku roditeljima u Baby Handling tehnici"}]},{"@type":"WebSite","@id":"https:\/\/www.ultrax.ai\/#website","url":"https:\/\/www.ultrax.ai\/","name":"Ultrax","description":"","publisher":{"@id":"https:\/\/www.ultrax.ai\/#organization"},"potentialAction":[{"@type":"SearchAction","target":{"@type":"EntryPoint","urlTemplate":"https:\/\/www.ultrax.ai\/?s={search_term_string}"},"query-input":{"@type":"PropertyValueSpecification","valueRequired":true,"valueName":"search_term_string"}}],"inLanguage":"hr"},{"@type":"Organization","@id":"https:\/\/www.ultrax.ai\/#organization","name":"Ultrax Technologies","url":"https:\/\/www.ultrax.ai\/","logo":{"@type":"ImageObject","inLanguage":"hr","@id":"https:\/\/www.ultrax.ai\/#\/schema\/logo\/image\/","url":"https:\/\/www.ultrax.ai\/wp-content\/uploads\/2024\/03\/Logo.svg","contentUrl":"https:\/\/www.ultrax.ai\/wp-content\/uploads\/2024\/03\/Logo.svg","width":230,"height":39,"caption":"Ultrax Technologies"},"image":{"@id":"https:\/\/www.ultrax.ai\/#\/schema\/logo\/image\/"},"sameAs":["https:\/\/www.facebook.com\/profile.php?id=100089183396893","https:\/\/www.instagram.com\/ultrax.ai\/"]}]}},"acf":[],"_links":{"self":[{"href":"https:\/\/www.ultrax.ai\/hr\/wp-json\/wp\/v2\/pages\/11055","targetHints":{"allow":["GET"]}}],"collection":[{"href":"https:\/\/www.ultrax.ai\/hr\/wp-json\/wp\/v2\/pages"}],"about":[{"href":"https:\/\/www.ultrax.ai\/hr\/wp-json\/wp\/v2\/types\/page"}],"author":[{"embeddable":true,"href":"https:\/\/www.ultrax.ai\/hr\/wp-json\/wp\/v2\/users\/5"}],"replies":[{"embeddable":true,"href":"https:\/\/www.ultrax.ai\/hr\/wp-json\/wp\/v2\/comments?post=11055"}],"version-history":[{"count":0,"href":"https:\/\/www.ultrax.ai\/hr\/wp-json\/wp\/v2\/pages\/11055\/revisions"}],"wp:attachment":[{"href":"https:\/\/www.ultrax.ai\/hr\/wp-json\/wp\/v2\/media?parent=11055"}],"curies":[{"name":"radni list","href":"https:\/\/api.w.org\/{rel}","templated":true}]}}