{"id":1971,"date":"2024-03-10T17:46:10","date_gmt":"2024-03-10T17:46:10","guid":{"rendered":"https:\/\/www.ultrax.ai\/?page_id=1971"},"modified":"2026-03-16T13:36:38","modified_gmt":"2026-03-16T13:36:38","slug":"terms-of-use","status":"publish","type":"page","link":"https:\/\/www.ultrax.ai\/hr\/terms-of-use\/","title":{"rendered":"Uvjeti kori\u0161tenja"},"content":{"rendered":"<div data-elementor-type=\"wp-page\" data-elementor-id=\"1971\" class=\"elementor elementor-1971\" data-elementor-post-type=\"page\">\n\t\t\t\t<div class=\"elementor-element elementor-element-6894fd7 e-con-full e-flex e-con e-parent\" data-id=\"6894fd7\" data-element_type=\"container\">\n\t\t\t\t<div class=\"elementor-element elementor-element-9cf6a4e elementor-widget elementor-widget-text-editor\" data-id=\"9cf6a4e\" data-element_type=\"widget\" data-widget_type=\"text-editor.default\">\n\t\t\t\t<div class=\"elementor-widget-container\">\n\t\t\t\t\t\t\t\t\t<h2>Uvjeti kori\u0161tenja<\/h2><p>ULTRAX TECHNOLOGIES doo, <span style=\"font-family: var( --e-global-typography-b603bc3-font-family ), Sans-serif; font-size: var( --e-global-typography-b603bc3-font-size ); font-style: var( --e-global-typography-b603bc3-font-style ); letter-spacing: var( --e-global-typography-b603bc3-letter-spacing ); word-spacing: var( --e-global-typography-b603bc3-word-spacing ); text-align: var(--text-align);\">Ma\u010de 94A, Ma\u010de, Croatia <\/span><span style=\"font-family: var( --e-global-typography-b603bc3-font-family ), Sans-serif; font-size: var( --e-global-typography-b603bc3-font-size ); font-style: var( --e-global-typography-b603bc3-font-style ); letter-spacing: var( --e-global-typography-b603bc3-letter-spacing ); word-spacing: var( --e-global-typography-b603bc3-word-spacing ); text-align: var(--text-align);\">(u ovom Ugovoru se nazivaju \u201eUltrax\u201c, \u201eDru\u0161tvo\u201c, \u201eMi\u201c, \u201eNas\u201c ili \u201eNa\u0161\u201c) <a href=\"mailto:info@ultrax.ai\">info@ultrax.ai<\/a><\/span><\/p><p><strong>1. Opis usluge<\/strong><\/p><p>ULTRAX TECHNOLOGIES doo (\u201eUltrax\u201c ili \u201eDru\u0161tvo\u201c) pru\u017ea rje\u0161enje u oblaku za upravljanje, agregaciju i analizu podataka. Ovo rje\u0161enje omogu\u0107uje optimizaciju performansi sporta\u0161a i osobni razvoj pru\u017eanjem boljeg uvida iz prikupljenih podataka i preporuka stru\u010dnih sustava putem interneta na odre\u0111enim ra\u010dunalima i drugim ure\u0111ajima povezanim s internetom (\u201eure\u0111aj spreman za Ultrax\u201c) kao Uslugu (kako je definirano u Na\u0161im Pravilima o privatnosti (https:\/\/www.ultrax.ai\/privacy-policy\/)). Ovi Uvjeti kori\u0161tenja ure\u0111uju va\u0161e kori\u0161tenje na\u0161e Usluge. Kako se koristi u ovim Uvjetima kori\u0161tenja, \u201eUsluga\u201c zna\u010di personaliziranu Uslugu koju pru\u017eamo Mi, uklju\u010duju\u0107i sve zna\u010dajke i funkcionalnosti, preporuke i recenzije, na\u0161e web stranice i korisni\u010dka su\u010delja, kao i sav sadr\u017eaj i softver povezan s Na\u0161om Uslugom.<\/p><p><strong>2. Pretplata<\/strong><\/p><p>Va\u0161a Ultrax pretplata nastavit \u0107e se do njenog raskida. Za kori\u0161tenje Usluge morate imati pristup internetu i ure\u0111aj spreman za Ultrax te nam dostaviti jedan ili vi\u0161e na\u010dina pla\u0107anja. \u201eNa\u010din pla\u0107anja\u201c zna\u010di trenutni, va\u017ee\u0107i, prihva\u0107eni na\u010din pla\u0107anja, koji se mo\u017ee povremeno a\u017eurirati, a koji mo\u017ee uklju\u010divati pla\u0107anje putem va\u0161eg ra\u010duna kod tre\u0107e strane ili pla\u0107anje putem bankovne transakcije u skladu s na\u0161im ra\u010dunom koji vam dostavljamo. Osim ako ne otka\u017eete \u010dlanstvo prije datuma naplate, ovla\u0161\u0107ujete nas da naplatimo naknadu za pretplatu za sljede\u0107i ciklus naplate na va\u0161 na\u010din pla\u0107anja (vidi \u201eOtkazivanje\u201c u nastavku).<\/p><p>Mo\u017eemo ponuditi niz pretplatni\u010dkih planova, uklju\u010duju\u0107i pretplate koje nude tre\u0107e strane u vezi s pru\u017eanjem njihovih proizvoda i usluga. Neki pretplatni\u010dki planovi mogu imati razli\u010dite uvjete i ograni\u010denja, koji \u0107e biti objavljeni prilikom va\u0161e registracije ili u drugim komunikacijama koje \u0107e vam biti dostupne.<\/p><p><strong>3. Promocijske ponude<\/strong><\/p><p>S vremena na vrijeme mo\u017eemo ponuditi posebne promotivne ponude, planove ili pretplate (\u201ePonude\u201c). Prihvatljivost ponude odre\u0111uje Ultrax prema vlastitom naho\u0111enju i zadr\u017eavamo pravo opozvati Ponudu i staviti va\u0161 ra\u010dun na \u010dekanje ako utvrdimo da ne ispunjavate uvjete. Mo\u017eemo koristiti podatke poput ID-a ure\u0111aja, na\u010dina pla\u0107anja ili adrese e-po\u0161te ra\u010duna koja se koristi s postoje\u0107om ili nedavnom pretplatom na Ultrax kako bismo utvrdili ispunjavate li uvjete za Ponudu. Uvjeti ispunjavanja uvjeta i druga ograni\u010denja i uvjeti bit \u0107e otkriveni kada se prijavite za Ponudu ili u drugim komunikacijama koje su vam dostupne.<\/p><p><strong><span style=\"font-family: var( --e-global-typography-b603bc3-font-family ), Sans-serif; font-size: var( --e-global-typography-b603bc3-font-size ); font-style: var( --e-global-typography-b603bc3-font-style ); letter-spacing: var( --e-global-typography-b603bc3-letter-spacing ); text-align: var(--text-align); word-spacing: var( --e-global-typography-b603bc3-word-spacing );\">4. Naplata i otkazivanje<\/span><\/strong><\/p><p><b>Naplata<\/b> <b>Ciklus<\/b>Naknada za pretplatu na Uslugu napla\u0107ivat \u0107e se putem va\u0161eg Na\u010dina pla\u0107anja mjese\u010dno, najkasnije do 15. dana u teku\u0107em mjesecu za prethodni mjesec, s datumom dospije\u0107a od 15 dana. Duljina va\u0161eg ciklusa naplate ovisit \u0107e o vrsti pretplate koju ste odabrali prilikom prijave za Uslugu. U nekim slu\u010dajevima, datum pla\u0107anja mo\u017ee se promijeniti, na primjer ako va\u0161 Na\u010din pla\u0107anja nije uspje\u0161no podmiren, kada promijenite svoj plan pretplate ili ako je va\u0161a pla\u0107ena pretplata zapo\u010dela na dan koji nije u odre\u0111enom mjesecu. Posjetite [web stranicu Ultrax](https:\/\/www.ultrax.ai\/) i kliknite na odjeljak Proizvodi.<\/p><p><b>Pla\u0107anje<\/b> <b>Metode<\/b>: Za kori\u0161tenje usluge Ultrax morate navesti jedan ili vi\u0161e na\u010dina pla\u0107anja. Ovla\u0161\u0107ujete nas da teretimo bilo koji na\u010din pla\u0107anja povezan s va\u0161im ra\u010dunom ako je va\u0161 primarni na\u010din pla\u0107anja odbijen ili nam vi\u0161e nije dostupan za pla\u0107anje va\u0161e pretplate. Vi ostajete odgovorni za sve nenapla\u0107ene iznose. Ako pla\u0107anje nije uspje\u0161no podmireno zbog isteka, nedovoljnih sredstava ili iz nekog drugog razloga, a ne otka\u017eete svoj ra\u010dun, mo\u017eemo obustaviti va\u0161 pristup Usluzi dok uspje\u0161no ne teretimo valjani na\u010din pla\u0107anja. Za neke na\u010dine pla\u0107anja izdavatelj vam mo\u017ee naplatiti odre\u0111ene naknade, kao \u0161to su naknade za strane transakcije ili druge naknade koje se odnose na obradu va\u0161eg na\u010dina pla\u0107anja. Lokalni porezi mogu varirati ovisno o kori\u0161tenom na\u010dinu pla\u0107anja. Za detalje se obratite svom davatelju usluge na\u010dina pla\u0107anja.<\/p><p><b>A\u017euriranje<\/b> <b>tvoj<\/b> <b>Pla\u0107anje<\/b> <b>Metode<\/b>Svoje na\u010dine pla\u0107anja mo\u017eete a\u017eurirati slanjem podataka izravno nama putem e-po\u0161te na info@ultrax.ai. Tako\u0111er mo\u017eemo a\u017eurirati va\u0161e na\u010dine pla\u0107anja koriste\u0107i podatke koje su nam dali pru\u017eatelji usluga pla\u0107anja. Nakon svakog a\u017euriranja, ovla\u0161\u0107ujete nas da nastavimo teretiti primjenjive na\u010dine pla\u0107anja.<\/p><p><b>Otkazivanje<\/b>Pretplatu na Ultrax mo\u017eete otkazati u bilo kojem trenutku i nastavit \u0107ete imati pristup Usluzi do kraja obra\u010dunskog razdoblja. Uplate se ne vra\u0107aju i ne vra\u0107amo novac ili ispla\u0107ujemo kredite za djelomi\u010dna razdoblja \u010dlanstva ili neiskori\u0161teni Ultrax sadr\u017eaj. Za otkazivanje po\u0161aljite nam e-poruku na info@ultrax.ai. Ako otka\u017eete pretplatu, va\u0161 \u0107e se ra\u010dun automatski zatvoriti na kraju teku\u0107eg obra\u010dunskog razdoblja.<\/p><p><b>Promjene<\/b> <b>do<\/b> <b>the<\/b> <b>Cijena<\/b> <b>i<\/b> <b>Pretplata<\/b> <b>Planovi<\/b>S vremena na vrijeme mo\u017eemo mijenjati na\u0161e pretplatni\u010dke planove i cijenu na\u0161e usluge; me\u0111utim, sve promjene cijena ili promjene va\u0161ih pretplatni\u010dkih planova primjenjivat \u0107e se najranije 30 dana nakon \u0161to vas obavijestimo.<\/p><p><strong>5. Kori\u0161tenje usluge<\/strong><\/p><p>Morate imati najmanje 18 godina da biste se prijavili za Uslugu. Maloljetnici mogu koristiti Uslugu samo pod nadzorom odrasle osobe.<\/p><p>Usluga i sav sadr\u017eaj kojem se pristupa putem Usluge namijenjeni su isklju\u010divo za va\u0161u osobnu i nekomercijalnu upotrebu i ne smiju se dijeliti s osobama izvan va\u0161eg ku\u0107anstva\/organizacije. Tijekom va\u0161e pretplate, dajemo vam ograni\u010deno, neisklju\u010divo i neprenosivo pravo pristupa Usluzi i sadr\u017eaju Ultrax. Osim navedenog, nikakvo pravo, vlasni\u0161tvo ili interes ne\u0107e se prenijeti na vas.<\/p><p>Sla\u017eete se da ne\u0107ete koristiti Uslugu za javne nastupe.<\/p><p>Sadr\u017eaju Ultrax mo\u017eete pristupiti prvenstveno unutar zemlje u kojoj ste otvorili svoj ra\u010dun i samo na geografskim lokacijama gdje nudimo svoju uslugu i imamo licencu za takav sadr\u017eaj. Sadr\u017eaj koji mo\u017ee biti dostupan razlikovat \u0107e se ovisno o geografskoj lokaciji i mijenjat \u0107e se s vremena na vrijeme.<\/p><p>Broj ure\u0111aja na kojima mo\u017eete istovremeno gledati ovisi o odabranom pretplatni\u010dkom planu.<\/p><p>Usluga se redovito a\u017eurira. Osim toga, kontinuirano testiramo razli\u010dite aspekte na\u0161e Usluge, uklju\u010duju\u0107i na\u0161e web stranice, korisni\u010dka su\u010delja, promotivne zna\u010dajke i dostupnost Ultrax sadr\u017eaja.<\/p><p>Sla\u017eete se da ne\u0107ete arhivirati, reproducirati, distribuirati, mijenjati, prikazivati, izvoditi, objavljivati, licencirati, stvarati izvedena djela, nuditi na prodaju ili koristiti (osim ako je izri\u010dito dopu\u0161teno u ovim Uvjetima kori\u0161tenja) sadr\u017eaj i informacije sadr\u017eane na Usluzi ili dobivene iz Usluge ili putem nje. Tako\u0111er se sla\u017eete da ne\u0107ete: zaobilaziti, uklanjati, mijenjati, deaktivirati, degradirati ili ometati bilo koju za\u0161titu sadr\u017eaja u Usluzi; koristiti bilo kojeg robota, pauka, struga\u010da ili druga automatizirana sredstva za pristup Usluzi; dekompilirati, obrnutim in\u017eenjeringom ili rastavljati bilo koji softver ili druge proizvode ili procese dostupne putem Usluge; umetati bilo koji kod ili proizvod ili manipulirati sadr\u017eajem Usluge na bilo koji na\u010din; ili koristiti bilo koju metodu rudarenja podataka, prikupljanja podataka ili ekstrakcije. Osim toga, sla\u017eete se da ne\u0107ete u\u010ditavati, objavljivati, slati e-po\u0161tom ili na drugi na\u010din slati ili prenositi bilo koji materijal osmi\u0161ljen za prekid, uni\u0161tavanje ili ograni\u010davanje funkcionalnosti bilo kojeg ra\u010dunalnog softvera ili hardvera ili telekomunikacijske opreme povezane s Uslugom, uklju\u010duju\u0107i bilo kakve softverske viruse ili bilo koji drugi ra\u010dunalni kod, datoteke ili programe.<\/p><p>Mo\u017eemo prekinuti ili ograni\u010diti va\u0161e kori\u0161tenje na\u0161e usluge ako prekr\u0161ite ove Uvjete kori\u0161tenja ili se bavite nezakonitim ili prijevarnim kori\u0161tenjem usluge.<\/p><p>Kvaliteta prikaza sadr\u017eaja Ultrax ure\u0111aja mo\u017ee se razlikovati od ure\u0111aja do ure\u0111aja i na nju mogu utjecati razni \u010dimbenici, kao \u0161to su va\u0161a lokacija, dostupna propusnost i\/ili brzina va\u0161e internetske veze. Nisu svi sadr\u017eaji dostupni u svim formatima i ne omogu\u0107uju vam svi pretplatni\u010dki planovi primanje sadr\u017eaja u svim formatima. Minimalni uvjet za be\u017ei\u010dnu vezu je mre\u017ea koja podr\u017eava standard IEEE 802.11b; me\u0111utim, preporu\u010dujemo br\u017eu vezu za pobolj\u0161anu upotrebljivost sustava s be\u017ei\u010dnim mre\u017enim standardima kao \u0161to su IEEE 802.11n i IEEE 802.11g. Vi ste odgovorni za sve tro\u0161kove pristupa internetu. Za informacije o mogu\u0107im tro\u0161kovima kori\u0161tenja internetskih podataka obratite se svom davatelju internetskih usluga.<\/p><p>Ultrax softver je razvijen od strane ili za Ultrax i smije se koristiti isklju\u010divo za ovla\u0161teno strujanje i pristup Ultrax sadr\u017eaju putem Ultrax kompatibilnih ure\u0111aja. Ovaj softver mo\u017ee se razlikovati ovisno o ure\u0111aju i mediju, a funkcionalnosti i zna\u010dajke tako\u0111er se mogu razlikovati izme\u0111u ure\u0111aja.<\/p><p>Potvr\u0111ujete da kori\u0161tenje usluge mo\u017ee zahtijevati softver tre\u0107e strane koji podlije\u017ee licencama tre\u0107ih strana. Sla\u017eete se da mo\u017eete automatski primati a\u017eurirane verzije softvera Ultrax i povezanog softvera tre\u0107ih strana.<\/p><p><strong>6. Lozinke i pristup ra\u010dunu<\/strong><\/p><p>Pristup. \u010clan koji je kreirao Ultrax ra\u010dun i \u010diji se na\u010din pla\u0107anja tereti (\u201eVlasnik ra\u010duna\u201c) odgovoran je za svaku aktivnost koja se odvija putem Ultrax ra\u010duna. Kako bi zadr\u017eao kontrolu nad ra\u010dunom i sprije\u010dio bilo koga da pristupi ra\u010dunu (\u0161to bi uklju\u010divalo informacije o povijesti pregledavanja ra\u010duna), Vlasnik ra\u010duna trebao bi zadr\u017eati kontrolu nad ure\u0111ajima spremnim za Ultrax koji se koriste za pristup usluzi i ne bi trebao nikome otkrivati lozinku ili detalje o na\u010dinu pla\u0107anja povezanom s ra\u010dunom. Odgovorni ste za a\u017euriranje i odr\u017eavanje to\u010dnosti informacija koje nam dajete u vezi s va\u0161im ra\u010dunom. Mo\u017eemo ukinuti va\u0161 ra\u010dun ili ga staviti na \u010dekanje kako bismo za\u0161titili vas, Ultrax ili na\u0161e partnere od kra\u0111e identiteta ili drugih prijevarnih aktivnosti.<\/p><p><strong>7. Razno<\/strong><\/p><p><strong>Mjerodavno pravo<\/strong>Ovi Uvjeti kori\u0161tenja podlije\u017eu zakonima Republike Hrvatske i tuma\u010de se u skladu s njima. Ovi uvjeti ne\u0107e ograni\u010diti nikakva prava na za\u0161titu potro\u0161a\u010da koja vam mogu pripadati prema obveznim zakonima va\u0161e zemlje prebivali\u0161ta.<\/p><p><strong>Korisni\u010dka podr\u0161ka<\/strong>Za vi\u0161e informacija o na\u0161oj usluzi i njezinim zna\u010dajkama ili ako vam je potrebna pomo\u0107 s va\u0161im ra\u010dunom, posjetite na\u0161u web stranicu ili nam po\u0161aljite e-po\u0161tu na info@ultrax.ai. U odre\u0111enim slu\u010dajevima, Slu\u017eba za korisnike vam mo\u017ee najbolje pomo\u0107i kori\u0161tenjem alata za podr\u0161ku putem udaljenog pristupa putem kojeg imamo potpuni pristup va\u0161em ra\u010dunalu. Ako ne \u017eelite da imamo taj pristup, ne biste trebali pristati na podr\u0161ku putem alata za udaljeni pristup, a mi \u0107emo vam pomo\u0107i na druge na\u010dine.<\/p><p><strong>Opstanak<\/strong>Ako se bilo koja odredba ili odredbe ovih Uvjeta kori\u0161tenja smatraju neva\u017ee\u0107ima, nezakonitima ili neprovedivima, valjanost, zakonitost i provedivost preostalih odredbi ostat \u0107e na snazi u cijelosti.<\/p><p><strong>Promjene Uvjeta kori\u0161tenja<\/strong>Ultrax mo\u017ee s vremena na vrijeme mijenjati ove Uvjete kori\u0161tenja. Obavijestit \u0107emo vas najmanje 30 dana prije nego \u0161to se takve promjene po\u010dnu primjenjivati na vas.<\/p><p><strong>Elektroni\u010dke komunikacije<\/strong>Informacije vezane uz va\u0161 ra\u010dun (npr. autorizacije pla\u0107anja, ra\u010dune, promjene lozinke ili na\u010dina pla\u0107anja, poruke s potvrdom, obavijesti) poslat \u0107emo vam isklju\u010divo u elektroni\u010dkom obliku, na primjer putem e-po\u0161te na adresu e-po\u0161te koju ste naveli prilikom registracije.<\/p><p><strong>PRAVO NA PRITU\u017dBU<\/strong><\/p><p>U slu\u010daju da niste zadovoljni na\u0161om Uslugom, mo\u017eete nam podnijeti pisanu pritu\u017ebu putem e-po\u0161te, na adresu sjedi\u0161ta tvrtke navedenu u zaglavlju Uvjeta kori\u0161tenja.<\/p><p>Primitak pritu\u017ebe potvrdit \u0107emo bez odgode pisanim putem te \u0107emo, u skladu sa Zakonom o za\u0161titi potro\u0161a\u010da, dostaviti na\u0161 odgovor na pritu\u017ebu.<\/p><p>U slu\u010daju da je Va\u0161a reklamacija opravdana, imate pravo raskinuti Uslugu uz puni povrat pla\u0107ene cijene za Uslugu ili pravo na zamjenu Usluge novom, valjanom Uslugom.<\/p><p>Povrat o\u0161te\u0107ene, neva\u017ee\u0107e ili pogre\u0161no primljene Usluge prihvatit \u0107emo na vlastiti tro\u0161ak ako se utvrdi da je reklamacija opravdana i ako niste utjecali na o\u0161te\u0107enje ili nestanak robe.<\/p><p>U slu\u010daju opravdane reklamacije, tro\u0161ak zamjene Usluge novom Uslugom u cijelosti je na na\u0161 teret.<\/p><p><strong>PRESTANAK USLUGE<\/strong><\/p><p>Samo potro\u0161a\u010di imaju pravo na jednostrani raskid ugovora koji je detaljno opisan u nastavku. U smislu \u010dlanka o za\u0161titi potro\u0161a\u010da, potro\u0161a\u010d je svaka fizi\u010dka osoba koja sklapa pravni posao ili djeluje na tr\u017ei\u0161tu izvan svoje trgova\u010dke, poslovne, obrtni\u010dke ili profesionalne djelatnosti.<\/p><p>Potro\u0161a\u010d mo\u017ee jednostrano raskinuti ugovor bez navo\u0111enja razloga u roku od 14 dana.<\/p><p>Potro\u0161a\u010d mo\u017ee ostvariti svoje pravo na jednostrani raskid ugovora slanjem po\u0161te na adresu sjedi\u0161ta tvrtke koja je navedena u zaglavlju Uvjeta kori\u0161tenja.<\/p><p>Pretplata se smatra raskinutom ako kao potro\u0161a\u010d po\u0161aljete obavijest o jednostranom raskidu ugovora u prethodno navedenom roku.<\/p><p><strong>OBRAZAC ZA JEDNOSTRANI RASKID UGOVORA<\/strong><\/p><p>Ako \u017eelite raskinuti pretplatu, molimo ispunite ovaj obrazac i po\u0161aljite ga na adresu sjedi\u0161ta tvrtke navedenu u zaglavlju Uvjeta kori\u0161tenja:<\/p><p>Ja\/mi [Va\u0161e ime] raskidam\/raskidamo ugovor koji sam\/smo sklopili\/sklopile o prodaji sljede\u0107e robe (navesti robu) \/ pru\u017eanju sljede\u0107e usluge (*).<\/p><p>Dan narud\u017ebe: [datum] \/ dan primitka: [datum] <br \/>Ime i prezime potro\u0161a\u010da: [Va\u0161e ime] <br \/>Adresa potro\u0161a\u010da: [Va\u0161a adresa] <br \/>Potpis potro\u0161a\u010da: [Samo u slu\u010daju da je obavijest dostavljena u papirnatom obliku] <br \/>Datum: [Trenutni datum]<\/p><p>U slu\u010daju bilo kakvih pitanja ili nedoumica, obratite se na\u0161oj slu\u017ebi za korisni\u010dku podr\u0161ku putem e-po\u0161te: info@ultrax.ai.<\/p><p>Kori\u0161tenjem Na\u0161e Usluge prihva\u0107ate ove Uvjete kori\u0161tenja.<\/p><p>Ako ne prihva\u0107ate Uvjete kori\u0161tenja, nemojte koristiti ove stranice niti naru\u010divati proizvode\/usluge putem njih.<\/p><p>Na\u0161a web stranica sadr\u017ei informacije o na\u0161im proizvodima\/uslugama. Ne odgovaramo za mogu\u0107u \u0161tetu koja nastane kori\u0161tenjem ove web stranice i informacija s na\u0161e web stranice izvan njihove predvi\u0111ene namjene.<\/p><p><strong>Zadnje a\u017euriranje<\/strong>: August 20th, 2025<\/p>\t\t\t\t\t\t\t\t<\/div>\n\t\t\t\t<\/div>\n\t\t\t\t<\/div>\n\t\t\t\t<\/div>","protected":false},"excerpt":{"rendered":"<p>Terms of Use ULTRAX TECHNOLOGIES d.o.o., Ma\u010de 94A, Ma\u010de, Croatia (referred to as either \u201cUltrax\u201d, \u201cthe Company\u201d, \u201cWe\u201d, \u201cUs\u201d or \u201cOur\u201d in this Agreement), info@ultrax.ai 1. Service Description ULTRAX TECHNOLOGIES d.o.o. (&#8220;Ultrax&#8221; or &#8220;the Company&#8221;) provides a cloud-based solution for data management, aggregation, and analysis. This solution enables athletes&#8217; performance optimization and personal development by [&hellip;]<\/p>","protected":false},"author":2,"featured_media":0,"parent":0,"menu_order":0,"comment_status":"closed","ping_status":"closed","template":"","meta":{"_acf_changed":false,"inline_featured_image":false,"footnotes":""},"class_list":["post-1971","page","type-page","status-publish","hentry"],"yoast_head":"<!-- This site is optimized with the Yoast SEO plugin v26.6 - https:\/\/yoast.com\/wordpress\/plugins\/seo\/ -->\n<title>Terms of Use | Ultrax AI<\/title>\n<meta name=\"robots\" content=\"index, follow, max-snippet:-1, max-image-preview:large, max-video-preview:-1\" \/>\n<link rel=\"canonical\" href=\"https:\/\/www.ultrax.ai\/hr\/terms-of-use\/\" \/>\n<meta property=\"og:locale\" content=\"hr_HR\" \/>\n<meta property=\"og:type\" content=\"article\" \/>\n<meta property=\"og:title\" content=\"Terms of Use | Ultrax AI\" \/>\n<meta property=\"og:description\" content=\"Terms of Use ULTRAX TECHNOLOGIES d.o.o., Ma\u010de 94A, Ma\u010de, Croatia (referred to as either \u201cUltrax\u201d, \u201cthe Company\u201d, \u201cWe\u201d, \u201cUs\u201d or \u201cOur\u201d in this Agreement), info@ultrax.ai 1. Service Description ULTRAX TECHNOLOGIES d.o.o. (&#8220;Ultrax&#8221; or &#8220;the Company&#8221;) provides a cloud-based solution for data management, aggregation, and analysis. This solution enables athletes&#8217; performance optimization and personal development by [&hellip;]\" \/>\n<meta property=\"og:url\" content=\"https:\/\/www.ultrax.ai\/hr\/terms-of-use\/\" \/>\n<meta property=\"og:site_name\" content=\"Ultrax AI\" \/>\n<meta property=\"article:publisher\" content=\"https:\/\/www.facebook.com\/profile.php?id=100089183396893\" \/>\n<meta property=\"article:modified_time\" content=\"2026-03-16T13:36:38+00:00\" \/>\n<meta name=\"twitter:card\" content=\"summary_large_image\" \/>\n<meta name=\"twitter:label1\" content=\"Procijenjeno vrijeme \u010ditanja\" \/>\n\t<meta name=\"twitter:data1\" content=\"10 minuta\" \/>\n<script type=\"application\/ld+json\" class=\"yoast-schema-graph\">{\"@context\":\"https:\/\/schema.org\",\"@graph\":[{\"@type\":\"WebPage\",\"@id\":\"https:\/\/www.ultrax.ai\/terms-of-use\/\",\"url\":\"https:\/\/www.ultrax.ai\/terms-of-use\/\",\"name\":\"Terms of Use | Ultrax AI\",\"isPartOf\":{\"@id\":\"https:\/\/www.ultrax.ai\/#website\"},\"datePublished\":\"2024-03-10T17:46:10+00:00\",\"dateModified\":\"2026-03-16T13:36:38+00:00\",\"breadcrumb\":{\"@id\":\"https:\/\/www.ultrax.ai\/terms-of-use\/#breadcrumb\"},\"inLanguage\":\"hr\",\"potentialAction\":[{\"@type\":\"ReadAction\",\"target\":[\"https:\/\/www.ultrax.ai\/terms-of-use\/\"]}]},{\"@type\":\"BreadcrumbList\",\"@id\":\"https:\/\/www.ultrax.ai\/terms-of-use\/#breadcrumb\",\"itemListElement\":[{\"@type\":\"ListItem\",\"position\":1,\"name\":\"Home\",\"item\":\"https:\/\/www.ultrax.ai\/\"},{\"@type\":\"ListItem\",\"position\":2,\"name\":\"Terms of Use\"}]},{\"@type\":\"WebSite\",\"@id\":\"https:\/\/www.ultrax.ai\/#website\",\"url\":\"https:\/\/www.ultrax.ai\/\",\"name\":\"Ultrax\",\"description\":\"\",\"publisher\":{\"@id\":\"https:\/\/www.ultrax.ai\/#organization\"},\"potentialAction\":[{\"@type\":\"SearchAction\",\"target\":{\"@type\":\"EntryPoint\",\"urlTemplate\":\"https:\/\/www.ultrax.ai\/?s={search_term_string}\"},\"query-input\":{\"@type\":\"PropertyValueSpecification\",\"valueRequired\":true,\"valueName\":\"search_term_string\"}}],\"inLanguage\":\"hr\"},{\"@type\":\"Organization\",\"@id\":\"https:\/\/www.ultrax.ai\/#organization\",\"name\":\"Ultrax Technologies\",\"url\":\"https:\/\/www.ultrax.ai\/\",\"logo\":{\"@type\":\"ImageObject\",\"inLanguage\":\"hr\",\"@id\":\"https:\/\/www.ultrax.ai\/#\/schema\/logo\/image\/\",\"url\":\"https:\/\/www.ultrax.ai\/wp-content\/uploads\/2024\/03\/Logo.svg\",\"contentUrl\":\"https:\/\/www.ultrax.ai\/wp-content\/uploads\/2024\/03\/Logo.svg\",\"width\":230,\"height\":39,\"caption\":\"Ultrax Technologies\"},\"image\":{\"@id\":\"https:\/\/www.ultrax.ai\/#\/schema\/logo\/image\/\"},\"sameAs\":[\"https:\/\/www.facebook.com\/profile.php?id=100089183396893\",\"https:\/\/www.instagram.com\/ultrax.ai\/\"]}]}<\/script>\n<!-- \/ Yoast SEO plugin. -->","yoast_head_json":{"title":"Terms of Use | Ultrax AI","robots":{"index":"index","follow":"follow","max-snippet":"max-snippet:-1","max-image-preview":"max-image-preview:large","max-video-preview":"max-video-preview:-1"},"canonical":"https:\/\/www.ultrax.ai\/hr\/terms-of-use\/","og_locale":"hr_HR","og_type":"article","og_title":"Terms of Use | Ultrax AI","og_description":"Terms of Use ULTRAX TECHNOLOGIES d.o.o., Ma\u010de 94A, Ma\u010de, Croatia (referred to as either \u201cUltrax\u201d, \u201cthe Company\u201d, \u201cWe\u201d, \u201cUs\u201d or \u201cOur\u201d in this Agreement), info@ultrax.ai 1. Service Description ULTRAX TECHNOLOGIES d.o.o. (&#8220;Ultrax&#8221; or &#8220;the Company&#8221;) provides a cloud-based solution for data management, aggregation, and analysis. This solution enables athletes&#8217; performance optimization and personal development by [&hellip;]","og_url":"https:\/\/www.ultrax.ai\/hr\/terms-of-use\/","og_site_name":"Ultrax AI","article_publisher":"https:\/\/www.facebook.com\/profile.php?id=100089183396893","article_modified_time":"2026-03-16T13:36:38+00:00","twitter_card":"summary_large_image","twitter_misc":{"Procijenjeno vrijeme \u010ditanja":"10 minuta"},"schema":{"@context":"https:\/\/schema.org","@graph":[{"@type":"WebPage","@id":"https:\/\/www.ultrax.ai\/terms-of-use\/","url":"https:\/\/www.ultrax.ai\/terms-of-use\/","name":"Terms of Use | Ultrax AI","isPartOf":{"@id":"https:\/\/www.ultrax.ai\/#website"},"datePublished":"2024-03-10T17:46:10+00:00","dateModified":"2026-03-16T13:36:38+00:00","breadcrumb":{"@id":"https:\/\/www.ultrax.ai\/terms-of-use\/#breadcrumb"},"inLanguage":"hr","potentialAction":[{"@type":"ReadAction","target":["https:\/\/www.ultrax.ai\/terms-of-use\/"]}]},{"@type":"BreadcrumbList","@id":"https:\/\/www.ultrax.ai\/terms-of-use\/#breadcrumb","itemListElement":[{"@type":"ListItem","position":1,"name":"Home","item":"https:\/\/www.ultrax.ai\/"},{"@type":"ListItem","position":2,"name":"Terms of Use"}]},{"@type":"WebSite","@id":"https:\/\/www.ultrax.ai\/#website","url":"https:\/\/www.ultrax.ai\/","name":"Ultrax","description":"","publisher":{"@id":"https:\/\/www.ultrax.ai\/#organization"},"potentialAction":[{"@type":"SearchAction","target":{"@type":"EntryPoint","urlTemplate":"https:\/\/www.ultrax.ai\/?s={search_term_string}"},"query-input":{"@type":"PropertyValueSpecification","valueRequired":true,"valueName":"search_term_string"}}],"inLanguage":"hr"},{"@type":"Organization","@id":"https:\/\/www.ultrax.ai\/#organization","name":"Ultrax Technologies","url":"https:\/\/www.ultrax.ai\/","logo":{"@type":"ImageObject","inLanguage":"hr","@id":"https:\/\/www.ultrax.ai\/#\/schema\/logo\/image\/","url":"https:\/\/www.ultrax.ai\/wp-content\/uploads\/2024\/03\/Logo.svg","contentUrl":"https:\/\/www.ultrax.ai\/wp-content\/uploads\/2024\/03\/Logo.svg","width":230,"height":39,"caption":"Ultrax Technologies"},"image":{"@id":"https:\/\/www.ultrax.ai\/#\/schema\/logo\/image\/"},"sameAs":["https:\/\/www.facebook.com\/profile.php?id=100089183396893","https:\/\/www.instagram.com\/ultrax.ai\/"]}]}},"acf":[],"_links":{"self":[{"href":"https:\/\/www.ultrax.ai\/hr\/wp-json\/wp\/v2\/pages\/1971","targetHints":{"allow":["GET"]}}],"collection":[{"href":"https:\/\/www.ultrax.ai\/hr\/wp-json\/wp\/v2\/pages"}],"about":[{"href":"https:\/\/www.ultrax.ai\/hr\/wp-json\/wp\/v2\/types\/page"}],"author":[{"embeddable":true,"href":"https:\/\/www.ultrax.ai\/hr\/wp-json\/wp\/v2\/users\/2"}],"replies":[{"embeddable":true,"href":"https:\/\/www.ultrax.ai\/hr\/wp-json\/wp\/v2\/comments?post=1971"}],"version-history":[{"count":0,"href":"https:\/\/www.ultrax.ai\/hr\/wp-json\/wp\/v2\/pages\/1971\/revisions"}],"wp:attachment":[{"href":"https:\/\/www.ultrax.ai\/hr\/wp-json\/wp\/v2\/media?parent=1971"}],"curies":[{"name":"radni list","href":"https:\/\/api.w.org\/{rel}","templated":true}]}}