{"id":6207,"date":"2024-10-29T08:46:45","date_gmt":"2024-10-29T08:46:45","guid":{"rendered":"https:\/\/www.ultrax.ai\/?page_id=6207"},"modified":"2026-01-13T10:13:09","modified_gmt":"2026-01-13T10:13:09","slug":"ulaganje-u-inovaciju-ultrax-diagnostic-i-spremnost-poduzeca-za-investicije","status":"publish","type":"page","link":"https:\/\/www.ultrax.ai\/hr\/ulaganje-u-inovaciju-ultrax-diagnostic-i-spremnost-poduzeca-za-investicije\/","title":{"rendered":"Ulaganje u inovaciju ULTRAX DIAGNOSTIC i spremnost poduze\u0107a za investicije"},"content":{"rendered":"<figure class=\"wp-block-image size-large is-resized\"><img fetchpriority=\"high\" decoding=\"async\" width=\"1024\" height=\"480\" src=\"https:\/\/www.ultrax.ai\/wp-content\/uploads\/2024\/10\/HR_Financira_Europska_unija-2-1024x480.png\" alt=\"\" class=\"wp-image-6208\" style=\"width:840px;height:auto\" srcset=\"https:\/\/www.ultrax.ai\/wp-content\/uploads\/2024\/10\/HR_Financira_Europska_unija-2-1024x480.png 1024w, https:\/\/www.ultrax.ai\/wp-content\/uploads\/2024\/10\/HR_Financira_Europska_unija-2-300x141.png 300w, https:\/\/www.ultrax.ai\/wp-content\/uploads\/2024\/10\/HR_Financira_Europska_unija-2-768x360.png 768w, https:\/\/www.ultrax.ai\/wp-content\/uploads\/2024\/10\/HR_Financira_Europska_unija-2-18x8.png 18w, https:\/\/www.ultrax.ai\/wp-content\/uploads\/2024\/10\/HR_Financira_Europska_unija-2.png 1170w\" sizes=\"(max-width: 1024px) 100vw, 1024px\" \/><\/figure>\n\n\n\n<p><strong>Projekt je sufinancirala Europska unija iz Mehanizma za oporavak i otpornost <\/strong> <\/p>\n\n\n\n<p><strong>Naziv projekta<\/strong> \u2013 Ulaganje u inovaciju ULTRAX DIAGNOSTIC i spremnost poduze\u0107a za investicije <\/p>\n\n\n\n<p><strong>Kratki opis projekta<\/strong> \u2013 Dana 31.07.2023., poduze\u0107e ULTRAX TECHNOLOGIES doo potpisalo je s Ministarstvom gospodarstva i odr\u017eivog razvoja Ugovor o dodjeli bespovratnih sredstava u svrhu provedbe projekta pod nazivom \u201eUlaganje u inovaciju ULTRAX DIAGNOSTIC i spremnost poduze\u0107a za investicije\u201c. Provedba projekta sufinancirana je iz Nacionalnog plana oporavka i otpornosti 2021. \u2013 2026.  <\/p>\n\n\n\n<p>Cilj projekta je postizanje faze TRL 8 inovativnog visokotehnolo\u0161kog rje\u0161enja ULTRAX DIAGNOSTIC za automatizirano pra\u0107enje vanjskog trena\u017enog optere\u0107enja sporta\u0161a tijekom tjelesne aktivnosti (external training load \u2013 ETL) i automatizaciju standardnih testova sportske dijagnostike.  <\/p>\n\n\n\n<p>Ciljane skupine projekta su dru\u0161tva zaposlenika, klijenti i dobavlja\u010di. <\/p>\n\n\n\n<p><strong>O\u010dekivani rezultati projekta<\/strong> <strong>su<\/strong>: <\/p>\n\n\n\n<ol class=\"wp-block-list\" start=\"1\">\n<li>Razvoj inovacije ULTRAX DIAGNOSTIC \u0161to \u0107e rezultirati s 2 nova inovativna proizvoda za tr\u017ei\u0161te na razini TRL 8 <\/li>\n<\/ol>\n\n\n\n<ol class=\"wp-block-list\" start=\"2\">\n<li>Potaknute investicijske tvrtke u pretkomercijalne inovacije za budu\u0107i razvoj i tehnologiju komercijalizacije te pove\u0107ana spremnost poduze\u0107a za investicije. <\/li>\n<\/ol>\n\n\n\n<p><strong>Korisnik:<\/strong> ULTRAX TECHNOLOGIES doo, Ma\u010de <\/p>\n\n\n\n<p><strong>Referentni broj projekata<\/strong>: NPOO.C1.1.2.R2-I3.02.0170 <\/p>\n\n\n\n<p><strong>Ukupna vrijednost projekta<\/strong>: 177.556,88 \u20ac <\/p>\n\n\n\n<p><strong>Prihvatljivi tro\u0161kovi projekta<\/strong>:  155.993,05 \u20ac <\/p>\n\n\n\n<p><strong>Iznos odobrene EU potpore<\/strong>: 132.594,09 \u20ac <\/p>\n\n\n\n<p><strong>Razdoblje provedenog projekta:<\/strong>  01.04.2023. &#8211;  01.11.2024. <\/p>\n\n\n\n<p><strong>Kontakt osoba za vi\u0161e informacija<\/strong> \u2013 Marko Sukre\u0161ki, <a href=\"mailto:marko.sukreski@ultrax.ai\" target=\"_blank\" rel=\"noreferrer noopener\">marko.sukreski@ultrax.ai<\/a> <\/p>\n\n\n\n<p>Sadr\u017eaj ove publikacije isklju\u010diva je odgovornost poduze\u0107a  ULTRAX TECHNOLOGIES d.o.o.<\/p>","protected":false},"excerpt":{"rendered":"<p>Projekt je sufinancirala Europska unija iz Mehanizma za oporavak i otpornost Naziv projekta \u2013 Ulaganje u inovaciju ULTRAX DIAGNOSTIC i spremnost poduze\u0107a za investicije Kratki opis projekta &#8211; Dana 31.07.2023., poduze\u0107e ULTRAX TECHNOLOGIES d.o.o. potpisalo je s Ministarstvom gospodarstva i odr\u017eivog razvoja Ugovor o dodjeli bespovratnih sredstava u svrhu provedbe projekta pod nazivom \u201eUlaganje u [&hellip;]<\/p>","protected":false},"author":5,"featured_media":0,"parent":0,"menu_order":0,"comment_status":"closed","ping_status":"closed","template":"","meta":{"_acf_changed":false,"inline_featured_image":false,"footnotes":""},"class_list":["post-6207","page","type-page","status-publish","hentry"],"yoast_head":"<!-- This site is optimized with the Yoast SEO plugin v26.6 - https:\/\/yoast.com\/wordpress\/plugins\/seo\/ -->\n<title>Ulaganje u inovaciju ULTRAX DIAGNOSTIC i spremnost poduze\u0107a za investicije | Ultrax AI<\/title>\n<meta name=\"robots\" content=\"index, follow, max-snippet:-1, max-image-preview:large, max-video-preview:-1\" \/>\n<link rel=\"canonical\" href=\"https:\/\/www.ultrax.ai\/hr\/ulaganje-u-inovaciju-ultrax-diagnostic-i-spremnost-poduzeca-za-investicije\/\" \/>\n<meta property=\"og:locale\" content=\"hr_HR\" \/>\n<meta property=\"og:type\" content=\"article\" \/>\n<meta property=\"og:title\" content=\"Ulaganje u inovaciju ULTRAX DIAGNOSTIC i spremnost poduze\u0107a za investicije | Ultrax AI\" \/>\n<meta property=\"og:description\" content=\"Projekt je sufinancirala Europska unija iz Mehanizma za oporavak i otpornost Naziv projekta \u2013 Ulaganje u inovaciju ULTRAX DIAGNOSTIC i spremnost poduze\u0107a za investicije Kratki opis projekta &#8211; Dana 31.07.2023., poduze\u0107e ULTRAX TECHNOLOGIES d.o.o. potpisalo je s Ministarstvom gospodarstva i odr\u017eivog razvoja Ugovor o dodjeli bespovratnih sredstava u svrhu provedbe projekta pod nazivom \u201eUlaganje u [&hellip;]\" \/>\n<meta property=\"og:url\" content=\"https:\/\/www.ultrax.ai\/hr\/ulaganje-u-inovaciju-ultrax-diagnostic-i-spremnost-poduzeca-za-investicije\/\" \/>\n<meta property=\"og:site_name\" content=\"Ultrax AI\" \/>\n<meta property=\"article:publisher\" content=\"https:\/\/www.facebook.com\/profile.php?id=100089183396893\" \/>\n<meta property=\"article:modified_time\" content=\"2026-01-13T10:13:09+00:00\" \/>\n<meta property=\"og:image\" content=\"https:\/\/www.ultrax.ai\/wp-content\/uploads\/2024\/10\/HR_Financira_Europska_unija-2.png\" \/>\n\t<meta property=\"og:image:width\" content=\"1170\" \/>\n\t<meta property=\"og:image:height\" content=\"548\" \/>\n\t<meta property=\"og:image:type\" content=\"image\/png\" \/>\n<meta name=\"twitter:card\" content=\"summary_large_image\" \/>\n<meta name=\"twitter:label1\" content=\"Procijenjeno vrijeme \u010ditanja\" \/>\n\t<meta name=\"twitter:data1\" content=\"2 minute\" \/>\n<script type=\"application\/ld+json\" class=\"yoast-schema-graph\">{\"@context\":\"https:\/\/schema.org\",\"@graph\":[{\"@type\":\"WebPage\",\"@id\":\"https:\/\/www.ultrax.ai\/ulaganje-u-inovaciju-ultrax-diagnostic-i-spremnost-poduzeca-za-investicije\/\",\"url\":\"https:\/\/www.ultrax.ai\/ulaganje-u-inovaciju-ultrax-diagnostic-i-spremnost-poduzeca-za-investicije\/\",\"name\":\"Ulaganje u inovaciju ULTRAX DIAGNOSTIC i spremnost poduze\u0107a za investicije | Ultrax AI\",\"isPartOf\":{\"@id\":\"https:\/\/www.ultrax.ai\/#website\"},\"primaryImageOfPage\":{\"@id\":\"https:\/\/www.ultrax.ai\/ulaganje-u-inovaciju-ultrax-diagnostic-i-spremnost-poduzeca-za-investicije\/#primaryimage\"},\"image\":{\"@id\":\"https:\/\/www.ultrax.ai\/ulaganje-u-inovaciju-ultrax-diagnostic-i-spremnost-poduzeca-za-investicije\/#primaryimage\"},\"thumbnailUrl\":\"https:\/\/www.ultrax.ai\/wp-content\/uploads\/2024\/10\/HR_Financira_Europska_unija-2-1024x480.png\",\"datePublished\":\"2024-10-29T08:46:45+00:00\",\"dateModified\":\"2026-01-13T10:13:09+00:00\",\"breadcrumb\":{\"@id\":\"https:\/\/www.ultrax.ai\/ulaganje-u-inovaciju-ultrax-diagnostic-i-spremnost-poduzeca-za-investicije\/#breadcrumb\"},\"inLanguage\":\"hr\",\"potentialAction\":[{\"@type\":\"ReadAction\",\"target\":[\"https:\/\/www.ultrax.ai\/ulaganje-u-inovaciju-ultrax-diagnostic-i-spremnost-poduzeca-za-investicije\/\"]}]},{\"@type\":\"ImageObject\",\"inLanguage\":\"hr\",\"@id\":\"https:\/\/www.ultrax.ai\/ulaganje-u-inovaciju-ultrax-diagnostic-i-spremnost-poduzeca-za-investicije\/#primaryimage\",\"url\":\"https:\/\/www.ultrax.ai\/wp-content\/uploads\/2024\/10\/HR_Financira_Europska_unija-2-1024x480.png\",\"contentUrl\":\"https:\/\/www.ultrax.ai\/wp-content\/uploads\/2024\/10\/HR_Financira_Europska_unija-2-1024x480.png\"},{\"@type\":\"BreadcrumbList\",\"@id\":\"https:\/\/www.ultrax.ai\/ulaganje-u-inovaciju-ultrax-diagnostic-i-spremnost-poduzeca-za-investicije\/#breadcrumb\",\"itemListElement\":[{\"@type\":\"ListItem\",\"position\":1,\"name\":\"Home\",\"item\":\"https:\/\/www.ultrax.ai\/\"},{\"@type\":\"ListItem\",\"position\":2,\"name\":\"Ulaganje u inovaciju ULTRAX DIAGNOSTIC i spremnost poduze\u0107a za investicije\"}]},{\"@type\":\"WebSite\",\"@id\":\"https:\/\/www.ultrax.ai\/#website\",\"url\":\"https:\/\/www.ultrax.ai\/\",\"name\":\"Ultrax\",\"description\":\"\",\"publisher\":{\"@id\":\"https:\/\/www.ultrax.ai\/#organization\"},\"potentialAction\":[{\"@type\":\"SearchAction\",\"target\":{\"@type\":\"EntryPoint\",\"urlTemplate\":\"https:\/\/www.ultrax.ai\/?s={search_term_string}\"},\"query-input\":{\"@type\":\"PropertyValueSpecification\",\"valueRequired\":true,\"valueName\":\"search_term_string\"}}],\"inLanguage\":\"hr\"},{\"@type\":\"Organization\",\"@id\":\"https:\/\/www.ultrax.ai\/#organization\",\"name\":\"Ultrax Technologies\",\"url\":\"https:\/\/www.ultrax.ai\/\",\"logo\":{\"@type\":\"ImageObject\",\"inLanguage\":\"hr\",\"@id\":\"https:\/\/www.ultrax.ai\/#\/schema\/logo\/image\/\",\"url\":\"https:\/\/www.ultrax.ai\/wp-content\/uploads\/2024\/03\/Logo.svg\",\"contentUrl\":\"https:\/\/www.ultrax.ai\/wp-content\/uploads\/2024\/03\/Logo.svg\",\"width\":230,\"height\":39,\"caption\":\"Ultrax Technologies\"},\"image\":{\"@id\":\"https:\/\/www.ultrax.ai\/#\/schema\/logo\/image\/\"},\"sameAs\":[\"https:\/\/www.facebook.com\/profile.php?id=100089183396893\",\"https:\/\/www.instagram.com\/ultrax.ai\/\"]}]}<\/script>\n<!-- \/ Yoast SEO plugin. -->","yoast_head_json":{"title":"Ulaganje u inovaciju ULTRAX DIAGNOSTIC i spremnost poduze\u0107a za investicije | Ultrax AI","robots":{"index":"index","follow":"follow","max-snippet":"max-snippet:-1","max-image-preview":"max-image-preview:large","max-video-preview":"max-video-preview:-1"},"canonical":"https:\/\/www.ultrax.ai\/hr\/ulaganje-u-inovaciju-ultrax-diagnostic-i-spremnost-poduzeca-za-investicije\/","og_locale":"hr_HR","og_type":"article","og_title":"Ulaganje u inovaciju ULTRAX DIAGNOSTIC i spremnost poduze\u0107a za investicije | Ultrax AI","og_description":"Projekt je sufinancirala Europska unija iz Mehanizma za oporavak i otpornost Naziv projekta \u2013 Ulaganje u inovaciju ULTRAX DIAGNOSTIC i spremnost poduze\u0107a za investicije Kratki opis projekta &#8211; Dana 31.07.2023., poduze\u0107e ULTRAX TECHNOLOGIES d.o.o. potpisalo je s Ministarstvom gospodarstva i odr\u017eivog razvoja Ugovor o dodjeli bespovratnih sredstava u svrhu provedbe projekta pod nazivom \u201eUlaganje u [&hellip;]","og_url":"https:\/\/www.ultrax.ai\/hr\/ulaganje-u-inovaciju-ultrax-diagnostic-i-spremnost-poduzeca-za-investicije\/","og_site_name":"Ultrax AI","article_publisher":"https:\/\/www.facebook.com\/profile.php?id=100089183396893","article_modified_time":"2026-01-13T10:13:09+00:00","og_image":[{"width":1170,"height":548,"url":"https:\/\/www.ultrax.ai\/wp-content\/uploads\/2024\/10\/HR_Financira_Europska_unija-2.png","type":"image\/png"}],"twitter_card":"summary_large_image","twitter_misc":{"Procijenjeno vrijeme \u010ditanja":"2 minute"},"schema":{"@context":"https:\/\/schema.org","@graph":[{"@type":"WebPage","@id":"https:\/\/www.ultrax.ai\/ulaganje-u-inovaciju-ultrax-diagnostic-i-spremnost-poduzeca-za-investicije\/","url":"https:\/\/www.ultrax.ai\/ulaganje-u-inovaciju-ultrax-diagnostic-i-spremnost-poduzeca-za-investicije\/","name":"Ulaganje u inovaciju ULTRAX DIAGNOSTIC i spremnost poduze\u0107a za investicije | Ultrax AI","isPartOf":{"@id":"https:\/\/www.ultrax.ai\/#website"},"primaryImageOfPage":{"@id":"https:\/\/www.ultrax.ai\/ulaganje-u-inovaciju-ultrax-diagnostic-i-spremnost-poduzeca-za-investicije\/#primaryimage"},"image":{"@id":"https:\/\/www.ultrax.ai\/ulaganje-u-inovaciju-ultrax-diagnostic-i-spremnost-poduzeca-za-investicije\/#primaryimage"},"thumbnailUrl":"https:\/\/www.ultrax.ai\/wp-content\/uploads\/2024\/10\/HR_Financira_Europska_unija-2-1024x480.png","datePublished":"2024-10-29T08:46:45+00:00","dateModified":"2026-01-13T10:13:09+00:00","breadcrumb":{"@id":"https:\/\/www.ultrax.ai\/ulaganje-u-inovaciju-ultrax-diagnostic-i-spremnost-poduzeca-za-investicije\/#breadcrumb"},"inLanguage":"hr","potentialAction":[{"@type":"ReadAction","target":["https:\/\/www.ultrax.ai\/ulaganje-u-inovaciju-ultrax-diagnostic-i-spremnost-poduzeca-za-investicije\/"]}]},{"@type":"ImageObject","inLanguage":"hr","@id":"https:\/\/www.ultrax.ai\/ulaganje-u-inovaciju-ultrax-diagnostic-i-spremnost-poduzeca-za-investicije\/#primaryimage","url":"https:\/\/www.ultrax.ai\/wp-content\/uploads\/2024\/10\/HR_Financira_Europska_unija-2-1024x480.png","contentUrl":"https:\/\/www.ultrax.ai\/wp-content\/uploads\/2024\/10\/HR_Financira_Europska_unija-2-1024x480.png"},{"@type":"BreadcrumbList","@id":"https:\/\/www.ultrax.ai\/ulaganje-u-inovaciju-ultrax-diagnostic-i-spremnost-poduzeca-za-investicije\/#breadcrumb","itemListElement":[{"@type":"ListItem","position":1,"name":"Home","item":"https:\/\/www.ultrax.ai\/"},{"@type":"ListItem","position":2,"name":"Ulaganje u inovaciju ULTRAX DIAGNOSTIC i spremnost poduze\u0107a za investicije"}]},{"@type":"WebSite","@id":"https:\/\/www.ultrax.ai\/#website","url":"https:\/\/www.ultrax.ai\/","name":"Ultrax","description":"","publisher":{"@id":"https:\/\/www.ultrax.ai\/#organization"},"potentialAction":[{"@type":"SearchAction","target":{"@type":"EntryPoint","urlTemplate":"https:\/\/www.ultrax.ai\/?s={search_term_string}"},"query-input":{"@type":"PropertyValueSpecification","valueRequired":true,"valueName":"search_term_string"}}],"inLanguage":"hr"},{"@type":"Organization","@id":"https:\/\/www.ultrax.ai\/#organization","name":"Ultrax Technologies","url":"https:\/\/www.ultrax.ai\/","logo":{"@type":"ImageObject","inLanguage":"hr","@id":"https:\/\/www.ultrax.ai\/#\/schema\/logo\/image\/","url":"https:\/\/www.ultrax.ai\/wp-content\/uploads\/2024\/03\/Logo.svg","contentUrl":"https:\/\/www.ultrax.ai\/wp-content\/uploads\/2024\/03\/Logo.svg","width":230,"height":39,"caption":"Ultrax Technologies"},"image":{"@id":"https:\/\/www.ultrax.ai\/#\/schema\/logo\/image\/"},"sameAs":["https:\/\/www.facebook.com\/profile.php?id=100089183396893","https:\/\/www.instagram.com\/ultrax.ai\/"]}]}},"acf":[],"_links":{"self":[{"href":"https:\/\/www.ultrax.ai\/hr\/wp-json\/wp\/v2\/pages\/6207","targetHints":{"allow":["GET"]}}],"collection":[{"href":"https:\/\/www.ultrax.ai\/hr\/wp-json\/wp\/v2\/pages"}],"about":[{"href":"https:\/\/www.ultrax.ai\/hr\/wp-json\/wp\/v2\/types\/page"}],"author":[{"embeddable":true,"href":"https:\/\/www.ultrax.ai\/hr\/wp-json\/wp\/v2\/users\/5"}],"replies":[{"embeddable":true,"href":"https:\/\/www.ultrax.ai\/hr\/wp-json\/wp\/v2\/comments?post=6207"}],"version-history":[{"count":0,"href":"https:\/\/www.ultrax.ai\/hr\/wp-json\/wp\/v2\/pages\/6207\/revisions"}],"wp:attachment":[{"href":"https:\/\/www.ultrax.ai\/hr\/wp-json\/wp\/v2\/media?parent=6207"}],"curies":[{"name":"radni list","href":"https:\/\/api.w.org\/{rel}","templated":true}]}}